{"id":1051,"date":"2022-02-10T16:46:11","date_gmt":"2022-02-10T16:46:11","guid":{"rendered":"https:\/\/www.l-88.de\/?page_id=1051"},"modified":"2022-02-13T17:34:03","modified_gmt":"2022-02-13T17:34:03","slug":"vpn","status":"publish","type":"page","link":"https:\/\/www.l-88.de\/?page_id=1051","title":{"rendered":"VPN"},"content":{"rendered":"\t\t<div data-elementor-type=\"wp-page\" data-elementor-id=\"1051\" class=\"elementor elementor-1051\">\n\t\t\t\t\t\t\t\t\t<section class=\"elementor-section elementor-top-section elementor-element elementor-element-6b8c11fb elementor-section-boxed elementor-section-height-default elementor-section-height-default wpr-particle-no wpr-jarallax-no wpr-parallax-no wpr-sticky-section-no\" data-id=\"6b8c11fb\" data-element_type=\"section\">\n\t\t\t\t\t\t<div class=\"elementor-container elementor-column-gap-default\">\n\t\t\t\t\t<div class=\"elementor-column elementor-col-100 elementor-top-column elementor-element elementor-element-aba6330\" data-id=\"aba6330\" data-element_type=\"column\">\n\t\t\t<div class=\"elementor-widget-wrap elementor-element-populated\">\n\t\t\t\t\t\t\t\t<div class=\"elementor-element elementor-element-e2b8a27 elementor-widget elementor-widget-text-editor\" data-id=\"e2b8a27\" data-element_type=\"widget\" data-widget_type=\"text-editor.default\">\n\t\t\t\t<div class=\"elementor-widget-container\">\n\t\t\t<style>\/*! elementor - v3.7.8 - 02-10-2022 *\/\n.elementor-widget-text-editor.elementor-drop-cap-view-stacked .elementor-drop-cap{background-color:#818a91;color:#fff}.elementor-widget-text-editor.elementor-drop-cap-view-framed .elementor-drop-cap{color:#818a91;border:3px solid;background-color:transparent}.elementor-widget-text-editor:not(.elementor-drop-cap-view-default) .elementor-drop-cap{margin-top:8px}.elementor-widget-text-editor:not(.elementor-drop-cap-view-default) .elementor-drop-cap-letter{width:1em;height:1em}.elementor-widget-text-editor .elementor-drop-cap{float:left;text-align:center;line-height:1;font-size:50px}.elementor-widget-text-editor .elementor-drop-cap-letter{display:inline-block}<\/style>\t\t\t\t<h4 style=\"text-align: center;\">Sichern und sch\u00fctzen Sie<br \/>Ihr Surfen im Internet<\/h4>\t\t\t\t\t\t<\/div>\n\t\t\t\t<\/div>\n\t\t\t\t\t<\/div>\n\t\t<\/div>\n\t\t\t\t\t\t\t<\/div>\n\t\t<\/section>\n\t\t\t\t<section class=\"elementor-section elementor-top-section elementor-element elementor-element-6b8e7de elementor-section-boxed elementor-section-height-default elementor-section-height-default wpr-particle-no wpr-jarallax-no wpr-parallax-no wpr-sticky-section-no\" data-id=\"6b8e7de\" data-element_type=\"section\">\n\t\t\t\t\t\t<div class=\"elementor-container elementor-column-gap-default\">\n\t\t\t\t\t<div class=\"elementor-column elementor-col-100 elementor-top-column elementor-element elementor-element-76fe281\" data-id=\"76fe281\" data-element_type=\"column\">\n\t\t\t<div class=\"elementor-widget-wrap elementor-element-populated\">\n\t\t\t\t\t\t\t\t<div class=\"elementor-element elementor-element-d3b3ec9 elementor-widget elementor-widget-text-editor\" data-id=\"d3b3ec9\" data-element_type=\"widget\" data-widget_type=\"text-editor.default\">\n\t\t\t\t<div class=\"elementor-widget-container\">\n\t\t\t\t\t\t\t<h4>Erhalten Sie einen sicheren und privaten Zugang zum Internet.<\/h4><p><strong>Sch\u00fctzen Sie Ihre pers\u00f6nlichen Daten<\/strong> und genie\u00dfen Sie jedes Mal Ruhe, wenn Sie \u00f6ffentliches WLAN nutzen, unterwegs auf private und gesch\u00e4ftliche Konten zugreifen oder einfach nur Ihren Browserverlauf f\u00fcr sich behalten m\u00f6chten.<\/p><ul class=\"highlights\"><li>Verstecken Sie Ihre IP-Adresse<\/li><li>Sch\u00fctzen Sie Ihre Online-Identit\u00e4t<\/li><li>Keine Aktivit\u00e4tsprotokolle zum Nachverfolgen des Surfens<\/li><li>Sichern Sie Ihre Bankgesch\u00e4fte<\/li><li>Verwenden Sie eine milit\u00e4rische Verschl\u00fcsselung<\/li><li>Seien Sie in \u00f6ffentlichen Wi-Fi-Netzwerken sicher<\/li><\/ul><div>\u00a0<\/div>\t\t\t\t\t\t<\/div>\n\t\t\t\t<\/div>\n\t\t\t\t\t<\/div>\n\t\t<\/div>\n\t\t\t\t\t\t\t<\/div>\n\t\t<\/section>\n\t\t\t\t<section class=\"elementor-section elementor-top-section elementor-element elementor-element-d81b614 elementor-section-boxed elementor-section-height-default elementor-section-height-default wpr-particle-no wpr-jarallax-no wpr-parallax-no wpr-sticky-section-no\" data-id=\"d81b614\" data-element_type=\"section\">\n\t\t\t\t\t\t<div class=\"elementor-container elementor-column-gap-default\">\n\t\t\t\t\t<div class=\"elementor-column elementor-col-100 elementor-top-column elementor-element elementor-element-59a6f72\" data-id=\"59a6f72\" data-element_type=\"column\">\n\t\t\t<div class=\"elementor-widget-wrap elementor-element-populated\">\n\t\t\t\t\t\t\t\t<div class=\"elementor-element elementor-element-b340e38 elementor-widget elementor-widget-text-editor\" data-id=\"b340e38\" data-element_type=\"widget\" data-widget_type=\"text-editor.default\">\n\t\t\t\t<div class=\"elementor-widget-container\">\n\t\t\t\t\t\t\t<h4 style=\"text-align: left;\">Streamen und browsen Sie ohne Einschr\u00e4nkungen.<\/h4><p>Von Video-Streaming bis hin zu sozialen Netzwerken, <strong>unser VPN funktioniert \u00fcberall<\/strong> und erm\u00f6glicht Ihnen den Zugriff auf die Websites und Apps, die Sie lieben. Plus schnelle Geschwindigkeiten f\u00fcr einfaches Surfen und kein Puffern oder lange Wartezeiten mehr.<\/p><ul class=\"highlights\"><li>Greifen Sie auf blockierte Websites zu<\/li><li>Sehen Sie sich Streaming-Dienste \u00fcberall an<\/li><li>Umgehen Sie die lokale Internetzensur<\/li><li>Spielen Sie regional gesperrte Spiele<\/li><li>Holen Sie sich online bessere Angebote<\/li><li>Bleiben Sie privat und anonym<\/li><\/ul>\t\t\t\t\t\t<\/div>\n\t\t\t\t<\/div>\n\t\t\t\t\t<\/div>\n\t\t<\/div>\n\t\t\t\t\t\t\t<\/div>\n\t\t<\/section>\n\t\t\t\t<section class=\"elementor-section elementor-top-section elementor-element elementor-element-b285236 elementor-section-boxed elementor-section-height-default elementor-section-height-default wpr-particle-no wpr-jarallax-no wpr-parallax-no wpr-sticky-section-no\" data-id=\"b285236\" data-element_type=\"section\">\n\t\t\t\t\t\t<div class=\"elementor-container elementor-column-gap-default\">\n\t\t\t\t\t<div class=\"elementor-column elementor-col-100 elementor-top-column elementor-element elementor-element-e23f0a2\" data-id=\"e23f0a2\" data-element_type=\"column\">\n\t\t\t<div class=\"elementor-widget-wrap elementor-element-populated\">\n\t\t\t\t\t\t\t\t<div class=\"elementor-element elementor-element-a7092a8 elementor-widget elementor-widget-text-editor\" data-id=\"a7092a8\" data-element_type=\"widget\" data-widget_type=\"text-editor.default\">\n\t\t\t\t<div class=\"elementor-widget-container\">\n\t\t\t\t\t\t\t<h4>Sch\u00fctzen Sie alle Ihre Ger\u00e4te.<\/h4><p><strong>1-Klick-Setup-VPN<\/strong> f\u00fcr Mac, Windows, iOS und Android.<\/p><p>Greifen Sie von \u00fcberall auf das Internet zu, egal ob Sie sich auf einem Computer, Smartphone oder Tablet befinden. Die automatische Konfiguration wird f\u00fcr alle wichtigen Plattformen<sup>*<\/sup> unterst\u00fctzt , sodass Sie uneingeschr\u00e4nkt surfen k\u00f6nnen, ohne dass eine Codierung oder komplexe Einrichtung erforderlich ist. <strong>Einfach herunterladen und verbinden.<\/strong><\/p><p><strong>\u00a0<\/strong><\/p>\t\t\t\t\t\t<\/div>\n\t\t\t\t<\/div>\n\t\t\t\t\t<\/div>\n\t\t<\/div>\n\t\t\t\t\t\t\t<\/div>\n\t\t<\/section>\n\t\t\t\t<section class=\"elementor-section elementor-top-section elementor-element elementor-element-f87783e elementor-section-boxed elementor-section-height-default elementor-section-height-default wpr-particle-no wpr-jarallax-no wpr-parallax-no wpr-sticky-section-no\" data-id=\"f87783e\" data-element_type=\"section\">\n\t\t\t\t\t\t<div class=\"elementor-container elementor-column-gap-default\">\n\t\t\t\t\t<div class=\"elementor-column elementor-col-100 elementor-top-column elementor-element elementor-element-584e921\" data-id=\"584e921\" data-element_type=\"column\">\n\t\t\t<div class=\"elementor-widget-wrap elementor-element-populated\">\n\t\t\t\t\t\t\t\t<div class=\"elementor-element elementor-element-e909443 elementor-widget elementor-widget-image\" data-id=\"e909443\" data-element_type=\"widget\" data-widget_type=\"image.default\">\n\t\t\t\t<div class=\"elementor-widget-container\">\n\t\t\t<style>\/*! elementor - v3.7.8 - 02-10-2022 *\/\n.elementor-widget-image{text-align:center}.elementor-widget-image a{display:inline-block}.elementor-widget-image a img[src$=\".svg\"]{width:48px}.elementor-widget-image img{vertical-align:middle;display:inline-block}<\/style>\t\t\t\t\t\t\t\t\t\t\t\t<img decoding=\"async\" loading=\"lazy\" width=\"800\" height=\"75\" src=\"https:\/\/www.l-88.de\/wp-content\/uploads\/2022\/02\/flags.png\" class=\"attachment-large size-large\" alt=\"\" srcset=\"https:\/\/www.l-88.de\/wp-content\/uploads\/2022\/02\/flags.png 947w, https:\/\/www.l-88.de\/wp-content\/uploads\/2022\/02\/flags-300x28.png 300w, https:\/\/www.l-88.de\/wp-content\/uploads\/2022\/02\/flags-768x72.png 768w, https:\/\/www.l-88.de\/wp-content\/uploads\/2022\/02\/flags-920x86.png 920w, https:\/\/www.l-88.de\/wp-content\/uploads\/2022\/02\/flags-230x22.png 230w, https:\/\/www.l-88.de\/wp-content\/uploads\/2022\/02\/flags-350x33.png 350w, https:\/\/www.l-88.de\/wp-content\/uploads\/2022\/02\/flags-480x45.png 480w\" sizes=\"(max-width: 800px) 100vw, 800px\" \/>\t\t\t\t\t\t\t\t\t\t\t\t\t\t\t<\/div>\n\t\t\t\t<\/div>\n\t\t\t\t\t<\/div>\n\t\t<\/div>\n\t\t\t\t\t\t\t<\/div>\n\t\t<\/section>\n\t\t\t\t<section class=\"elementor-section elementor-top-section elementor-element elementor-element-6bef2b0 elementor-section-boxed elementor-section-height-default elementor-section-height-default wpr-particle-no wpr-jarallax-no wpr-parallax-no wpr-sticky-section-no\" data-id=\"6bef2b0\" data-element_type=\"section\">\n\t\t\t\t\t\t<div class=\"elementor-container elementor-column-gap-default\">\n\t\t\t\t\t<div class=\"elementor-column elementor-col-25 elementor-top-column elementor-element elementor-element-d78b4a8\" data-id=\"d78b4a8\" data-element_type=\"column\">\n\t\t\t<div class=\"elementor-widget-wrap elementor-element-populated\">\n\t\t\t\t\t\t\t\t<div class=\"elementor-element elementor-element-e3a904a elementor-widget elementor-widget-text-editor\" data-id=\"e3a904a\" data-element_type=\"widget\" data-widget_type=\"text-editor.default\">\n\t\t\t\t<div class=\"elementor-widget-container\">\n\t\t\t\t\t\t\t<div>\u00a0<\/div><div class=\"cycle\">1 Monat<\/div><div class=\"price\">\u20ac 7,95 \u20ac \/ monatl.<\/div><ul><li>keine Einschr\u00e4nkungen<\/li><li>Hochgeschwindigkeitsnetzwerk<\/li><li>unbeschr\u00e4nkte Bandbreite<\/li><li>256-Bit-AES-Verschl\u00fcsselung<\/li><\/ul>\t\t\t\t\t\t<\/div>\n\t\t\t\t<\/div>\n\t\t\t\t\t<\/div>\n\t\t<\/div>\n\t\t\t\t<div class=\"elementor-column elementor-col-25 elementor-top-column elementor-element elementor-element-eca242f\" data-id=\"eca242f\" data-element_type=\"column\">\n\t\t\t<div class=\"elementor-widget-wrap elementor-element-populated\">\n\t\t\t\t\t\t\t\t<div class=\"elementor-element elementor-element-05002ec elementor-widget elementor-widget-text-editor\" data-id=\"05002ec\" data-element_type=\"widget\" data-widget_type=\"text-editor.default\">\n\t\t\t\t<div class=\"elementor-widget-container\">\n\t\t\t\t\t\t\t<div>\u00a0<\/div><div class=\"cycle\">3 Monate<\/div><div class=\"price\">21,95 \u20ac \/ dreimonatl.<\/div><ul><li>keine Einschr\u00e4nkungen<\/li><li>Hochgeschwindigkeitsnetzwerk<\/li><li>unbeschr\u00e4nkte Bandbreite<\/li><li>256-Bit-AES-Verschl\u00fcsselung<\/li><\/ul>\t\t\t\t\t\t<\/div>\n\t\t\t\t<\/div>\n\t\t\t\t\t<\/div>\n\t\t<\/div>\n\t\t\t\t<div class=\"elementor-column elementor-col-25 elementor-top-column elementor-element elementor-element-d664fe9\" data-id=\"d664fe9\" data-element_type=\"column\">\n\t\t\t<div class=\"elementor-widget-wrap elementor-element-populated\">\n\t\t\t\t\t\t\t\t<div class=\"elementor-element elementor-element-f6d7a17 elementor-widget elementor-widget-text-editor\" data-id=\"f6d7a17\" data-element_type=\"widget\" data-widget_type=\"text-editor.default\">\n\t\t\t\t<div class=\"elementor-widget-container\">\n\t\t\t\t\t\t\t<div>\u00a0<\/div><div class=\"cycle\">6 Monate<\/div><div class=\"price\">39,95 \u20ac \/ halbj\u00e4hrlich<\/div><ul><li>keine Einschr\u00e4nkungen<\/li><li>Hochgeschwindigkeitsnetzwerk<\/li><li>unbeschr\u00e4nkte Bandbreite<\/li><li>256-Bit-AES-Verschl\u00fcsselung<\/li><\/ul>\t\t\t\t\t\t<\/div>\n\t\t\t\t<\/div>\n\t\t\t\t\t<\/div>\n\t\t<\/div>\n\t\t\t\t<div class=\"elementor-column elementor-col-25 elementor-top-column elementor-element elementor-element-6bd386c\" data-id=\"6bd386c\" data-element_type=\"column\">\n\t\t\t<div class=\"elementor-widget-wrap elementor-element-populated\">\n\t\t\t\t\t\t\t\t<div class=\"elementor-element elementor-element-2b76caa elementor-widget elementor-widget-text-editor\" data-id=\"2b76caa\" data-element_type=\"widget\" data-widget_type=\"text-editor.default\">\n\t\t\t\t<div class=\"elementor-widget-container\">\n\t\t\t\t\t\t\t<div>\u00a0<\/div><div class=\"cycle\">1 Jahr<\/div><div class=\"price\">\u20ac 59,95 \u20ac \/ j\u00e4hrlich<\/div><ul><li>keine Einschr\u00e4nkungen<\/li><li>Hochgeschwindigkeitsnetzwerk<\/li><li>unbeschr\u00e4nkte Bandbreite<\/li><li>256-Bit-AES-Verschl\u00fcsselung<\/li><\/ul>\t\t\t\t\t\t<\/div>\n\t\t\t\t<\/div>\n\t\t\t\t\t<\/div>\n\t\t<\/div>\n\t\t\t\t\t\t\t<\/div>\n\t\t<\/section>\n\t\t\t\t<section class=\"elementor-section elementor-top-section elementor-element elementor-element-a89d319 elementor-section-boxed elementor-section-height-default elementor-section-height-default wpr-particle-no wpr-jarallax-no wpr-parallax-no wpr-sticky-section-no\" data-id=\"a89d319\" data-element_type=\"section\">\n\t\t\t\t\t\t<div class=\"elementor-container elementor-column-gap-default\">\n\t\t\t\t\t<div class=\"elementor-column elementor-col-25 elementor-top-column elementor-element elementor-element-92a7d62\" data-id=\"92a7d62\" data-element_type=\"column\">\n\t\t\t<div class=\"elementor-widget-wrap elementor-element-populated\">\n\t\t\t\t\t\t\t\t<div class=\"elementor-element elementor-element-e6e6484 elementor-align-center elementor-button-info elementor-widget elementor-widget-button\" data-id=\"e6e6484\" data-element_type=\"widget\" data-widget_type=\"button.default\">\n\t\t\t\t<div class=\"elementor-widget-container\">\n\t\t\t\t\t<div class=\"elementor-button-wrapper\">\n\t\t\t<a href=\"https:\/\/www.l-88.de\/whmcs\/index.php\/store\/vpn\/standard\" target=\"_blank\" class=\"elementor-button-link elementor-button elementor-size-sm\" role=\"button\">\n\t\t\t\t\t\t<span class=\"elementor-button-content-wrapper\">\n\t\t\t\t\t\t<span class=\"elementor-button-text\">zur Bestellung<\/span>\n\t\t<\/span>\n\t\t\t\t\t<\/a>\n\t\t<\/div>\n\t\t\t\t<\/div>\n\t\t\t\t<\/div>\n\t\t\t\t\t<\/div>\n\t\t<\/div>\n\t\t\t\t<div class=\"elementor-column elementor-col-25 elementor-top-column elementor-element elementor-element-1ceaac3\" data-id=\"1ceaac3\" data-element_type=\"column\">\n\t\t\t<div class=\"elementor-widget-wrap elementor-element-populated\">\n\t\t\t\t\t\t\t\t<div class=\"elementor-element elementor-element-dba3898 elementor-align-center elementor-button-info elementor-widget elementor-widget-button\" data-id=\"dba3898\" data-element_type=\"widget\" data-widget_type=\"button.default\">\n\t\t\t\t<div class=\"elementor-widget-container\">\n\t\t\t\t\t<div class=\"elementor-button-wrapper\">\n\t\t\t<a href=\"https:\/\/www.l-88.de\/whmcs\/index.php\/store\/vpn\/standard\" target=\"_blank\" class=\"elementor-button-link elementor-button elementor-size-sm\" role=\"button\">\n\t\t\t\t\t\t<span class=\"elementor-button-content-wrapper\">\n\t\t\t\t\t\t<span class=\"elementor-button-text\">zur Bestellung<\/span>\n\t\t<\/span>\n\t\t\t\t\t<\/a>\n\t\t<\/div>\n\t\t\t\t<\/div>\n\t\t\t\t<\/div>\n\t\t\t\t\t<\/div>\n\t\t<\/div>\n\t\t\t\t<div class=\"elementor-column elementor-col-25 elementor-top-column elementor-element elementor-element-7422c5d\" data-id=\"7422c5d\" data-element_type=\"column\">\n\t\t\t<div class=\"elementor-widget-wrap elementor-element-populated\">\n\t\t\t\t\t\t\t\t<div class=\"elementor-element elementor-element-ac01d8c elementor-align-center elementor-button-info elementor-widget elementor-widget-button\" data-id=\"ac01d8c\" data-element_type=\"widget\" data-widget_type=\"button.default\">\n\t\t\t\t<div class=\"elementor-widget-container\">\n\t\t\t\t\t<div class=\"elementor-button-wrapper\">\n\t\t\t<a href=\"https:\/\/www.l-88.de\/whmcs\/index.php\/store\/vpn\/standard\" target=\"_blank\" class=\"elementor-button-link elementor-button elementor-size-sm\" role=\"button\">\n\t\t\t\t\t\t<span class=\"elementor-button-content-wrapper\">\n\t\t\t\t\t\t<span class=\"elementor-button-text\">zur Bestellung<\/span>\n\t\t<\/span>\n\t\t\t\t\t<\/a>\n\t\t<\/div>\n\t\t\t\t<\/div>\n\t\t\t\t<\/div>\n\t\t\t\t\t<\/div>\n\t\t<\/div>\n\t\t\t\t<div class=\"elementor-column elementor-col-25 elementor-top-column elementor-element elementor-element-4f37a5c\" data-id=\"4f37a5c\" data-element_type=\"column\">\n\t\t\t<div class=\"elementor-widget-wrap elementor-element-populated\">\n\t\t\t\t\t\t\t\t<div class=\"elementor-element elementor-element-f4d1ddd elementor-align-center elementor-button-info elementor-widget elementor-widget-button\" data-id=\"f4d1ddd\" data-element_type=\"widget\" data-widget_type=\"button.default\">\n\t\t\t\t<div class=\"elementor-widget-container\">\n\t\t\t\t\t<div class=\"elementor-button-wrapper\">\n\t\t\t<a href=\"https:\/\/www.l-88.de\/whmcs\/index.php\/store\/vpn\/standard\" target=\"_blank\" class=\"elementor-button-link elementor-button elementor-size-sm\" role=\"button\">\n\t\t\t\t\t\t<span class=\"elementor-button-content-wrapper\">\n\t\t\t\t\t\t<span class=\"elementor-button-text\">zur Bestellung<\/span>\n\t\t<\/span>\n\t\t\t\t\t<\/a>\n\t\t<\/div>\n\t\t\t\t<\/div>\n\t\t\t\t<\/div>\n\t\t\t\t\t<\/div>\n\t\t<\/div>\n\t\t\t\t\t\t\t<\/div>\n\t\t<\/section>\n\t\t\t\t\t\t\t<\/div>\n\t\t","protected":false},"excerpt":{"rendered":"<p>Sichern und sch\u00fctzen SieIhr Surfen im Internet Erhalten Sie einen sicheren und privaten Zugang zum Internet. Sch\u00fctzen Sie Ihre pers\u00f6nlichen Daten und genie\u00dfen Sie jedes Mal Ruhe, wenn Sie \u00f6ffentliches WLAN nutzen, unterwegs auf private und gesch\u00e4ftliche Konten zugreifen oder einfach nur Ihren Browserverlauf f\u00fcr sich behalten m\u00f6chten. Verstecken Sie Ihre IP-Adresse Sch\u00fctzen Sie Ihre [&hellip;]<\/p>\n","protected":false},"author":2,"featured_media":0,"parent":1043,"menu_order":0,"comment_status":"closed","ping_status":"closed","template":"elementor_header_footer","meta":{"footnotes":""},"_links":{"self":[{"href":"https:\/\/www.l-88.de\/index.php?rest_route=\/wp\/v2\/pages\/1051"}],"collection":[{"href":"https:\/\/www.l-88.de\/index.php?rest_route=\/wp\/v2\/pages"}],"about":[{"href":"https:\/\/www.l-88.de\/index.php?rest_route=\/wp\/v2\/types\/page"}],"author":[{"embeddable":true,"href":"https:\/\/www.l-88.de\/index.php?rest_route=\/wp\/v2\/users\/2"}],"replies":[{"embeddable":true,"href":"https:\/\/www.l-88.de\/index.php?rest_route=%2Fwp%2Fv2%2Fcomments&post=1051"}],"version-history":[{"count":46,"href":"https:\/\/www.l-88.de\/index.php?rest_route=\/wp\/v2\/pages\/1051\/revisions"}],"predecessor-version":[{"id":2169,"href":"https:\/\/www.l-88.de\/index.php?rest_route=\/wp\/v2\/pages\/1051\/revisions\/2169"}],"up":[{"embeddable":true,"href":"https:\/\/www.l-88.de\/index.php?rest_route=\/wp\/v2\/pages\/1043"}],"wp:attachment":[{"href":"https:\/\/www.l-88.de\/index.php?rest_route=%2Fwp%2Fv2%2Fmedia&parent=1051"}],"curies":[{"name":"wp","href":"https:\/\/api.w.org\/{rel}","templated":true}]}}