{"id":1154,"date":"2022-02-10T19:17:25","date_gmt":"2022-02-10T19:17:25","guid":{"rendered":"https:\/\/www.all-domains.de\/?page_id=1154"},"modified":"2022-02-14T16:58:21","modified_gmt":"2022-02-14T16:58:21","slug":"mailproxy","status":"publish","type":"page","link":"https:\/\/www.l-88.de\/?page_id=1154","title":{"rendered":"MailProxy"},"content":{"rendered":"\t\t<div data-elementor-type=\"wp-page\" data-elementor-id=\"1154\" class=\"elementor elementor-1154\">\n\t\t\t\t\t\t\t\t\t<section class=\"elementor-section elementor-top-section elementor-element elementor-element-679175a elementor-section-boxed elementor-section-height-default elementor-section-height-default wpr-particle-no wpr-jarallax-no wpr-parallax-no wpr-sticky-section-no\" data-id=\"679175a\" data-element_type=\"section\">\n\t\t\t\t\t\t<div class=\"elementor-container elementor-column-gap-default\">\n\t\t\t\t\t<div class=\"elementor-column elementor-col-100 elementor-top-column elementor-element elementor-element-72d29fb\" data-id=\"72d29fb\" data-element_type=\"column\">\n\t\t\t<div class=\"elementor-widget-wrap elementor-element-populated\">\n\t\t\t\t\t\t\t\t<div class=\"elementor-element elementor-element-63fe154 elementor-widget elementor-widget-heading\" data-id=\"63fe154\" data-element_type=\"widget\" data-widget_type=\"heading.default\">\n\t\t\t\t<div class=\"elementor-widget-container\">\n\t\t\t<style>\/*! elementor - v3.7.8 - 02-10-2022 *\/\n.elementor-heading-title{padding:0;margin:0;line-height:1}.elementor-widget-heading .elementor-heading-title[class*=elementor-size-]>a{color:inherit;font-size:inherit;line-height:inherit}.elementor-widget-heading .elementor-heading-title.elementor-size-small{font-size:15px}.elementor-widget-heading .elementor-heading-title.elementor-size-medium{font-size:19px}.elementor-widget-heading .elementor-heading-title.elementor-size-large{font-size:29px}.elementor-widget-heading .elementor-heading-title.elementor-size-xl{font-size:39px}.elementor-widget-heading .elementor-heading-title.elementor-size-xxl{font-size:59px}<\/style><h4 class=\"elementor-heading-title elementor-size-default\">MailProxy<\/h4>\t\t<\/div>\n\t\t\t\t<\/div>\n\t\t\t\t\t<\/div>\n\t\t<\/div>\n\t\t\t\t\t\t\t<\/div>\n\t\t<\/section>\n\t\t\t\t<section class=\"elementor-section elementor-top-section elementor-element elementor-element-d0d2cb1 elementor-section-boxed elementor-section-height-default elementor-section-height-default wpr-particle-no wpr-jarallax-no wpr-parallax-no wpr-sticky-section-no\" data-id=\"d0d2cb1\" data-element_type=\"section\">\n\t\t\t\t\t\t<div class=\"elementor-container elementor-column-gap-default\">\n\t\t\t\t\t<div class=\"elementor-column elementor-col-100 elementor-top-column elementor-element elementor-element-242e848\" data-id=\"242e848\" data-element_type=\"column\">\n\t\t\t<div class=\"elementor-widget-wrap elementor-element-populated\">\n\t\t\t\t\t\t\t\t<div class=\"elementor-element elementor-element-99488c4 elementor-widget elementor-widget-text-editor\" data-id=\"99488c4\" data-element_type=\"widget\" data-widget_type=\"text-editor.default\">\n\t\t\t\t<div class=\"elementor-widget-container\">\n\t\t\t<style>\/*! elementor - v3.7.8 - 02-10-2022 *\/\n.elementor-widget-text-editor.elementor-drop-cap-view-stacked .elementor-drop-cap{background-color:#818a91;color:#fff}.elementor-widget-text-editor.elementor-drop-cap-view-framed .elementor-drop-cap{color:#818a91;border:3px solid;background-color:transparent}.elementor-widget-text-editor:not(.elementor-drop-cap-view-default) .elementor-drop-cap{margin-top:8px}.elementor-widget-text-editor:not(.elementor-drop-cap-view-default) .elementor-drop-cap-letter{width:1em;height:1em}.elementor-widget-text-editor .elementor-drop-cap{float:left;text-align:center;line-height:1;font-size:50px}.elementor-widget-text-editor .elementor-drop-cap-letter{display:inline-block}<\/style>\t\t\t\t<p>Nutzen Sie den MailProxy, um unerw\u00fcnschte E-Mails schon im Vorfeld abzuwehren und so Ihre Mailserver zu entlasten.<\/p>\t\t\t\t\t\t<\/div>\n\t\t\t\t<\/div>\n\t\t\t\t\t<\/div>\n\t\t<\/div>\n\t\t\t\t\t\t\t<\/div>\n\t\t<\/section>\n\t\t\t\t<section class=\"elementor-section elementor-top-section elementor-element elementor-element-93a6bf8 elementor-section-boxed elementor-section-height-default elementor-section-height-default wpr-particle-no wpr-jarallax-no wpr-parallax-no wpr-sticky-section-no\" data-id=\"93a6bf8\" data-element_type=\"section\">\n\t\t\t\t\t\t<div class=\"elementor-container elementor-column-gap-default\">\n\t\t\t\t\t<div class=\"elementor-column elementor-col-100 elementor-top-column elementor-element elementor-element-22631f7\" data-id=\"22631f7\" data-element_type=\"column\">\n\t\t\t<div class=\"elementor-widget-wrap elementor-element-populated\">\n\t\t\t\t\t\t\t\t<div class=\"elementor-element elementor-element-5f58ebb elementor-widget elementor-widget-text-editor\" data-id=\"5f58ebb\" data-element_type=\"widget\" data-widget_type=\"text-editor.default\">\n\t\t\t\t<div class=\"elementor-widget-container\">\n\t\t\t\t\t\t\t<header><h4>MailProxy \u2013 der praktische Viren- und Spamfilter<\/h4><\/header><div class=\"csc-default\"><div class=\"csc-textpic-text\"><p>MailProxy ist ein effektiver Viren- und Spamfilter, der vor ein Server-Kundensystem geschaltet wird, um vorab E-Mails auf Viren, Spam und andere sch\u00e4dliche Inhalte zu untersuchen und entsprechend (Markierung, L\u00f6schung) abzufertigen. Er bietet mehr Sicherheit und Flexibilit\u00e4t. Zahlreiche Features unterst\u00fctzen eine differenzierte Vorab-Pr\u00fcfung von E-Mails. So k\u00f6nnen u. a. die Filterstufen an die Charakteristik des jeweiligen Mailaufkommens angepasst und domainspezifische Einstellungen eingerichtet werden.<\/p><h3>\u00a0<\/h3><h4>Features im MailProxy<\/h4><ul><li><strong>Verschiedene Filter-Einstellungen<\/strong><ul><li>Whitelist (unbedenkliche E-Mails)<\/li><li>Blacklist (Spam)<\/li><li>Greylisting (verz\u00f6gerte Mail-Annahme)<\/li><li>Ausschluss-Liste (kein Spam- oder Virencheck)\u00a0<\/li><\/ul><\/li><li><strong>Vordefinierte Sicherheitsstufen<\/strong><ul><li>Individuelle Filter-Einstellungen (niedrig, mittel, hoch, benutzerdefiniert)\u00a0<\/li><\/ul><\/li><li><strong>Quarant\u00e4nefunktion<\/strong><ul><li>Aufbewahrung nicht vertrauensw\u00fcrdiger E-Mails in einem gesonderten<\/li><li>Quarant\u00e4nebereich\u00a0<\/li><\/ul><\/li><li><strong>Dateitypen-Filter<\/strong><ul><li>Abweisung verd\u00e4chtiger Dateitypen (z. B. .scr, .jpg, .pif, .exe)<\/li><\/ul><\/li><\/ul><p>Nutzen Sie den MailProxy, um unerw\u00fcnschte E-Mails schon im Vorfeld abzuwehren und so Ihren Server zu entlasten!<\/p><p>Ab sofort steht eine native IPv6-Struktur zur Verf\u00fcgung, die Sie ohne weiteres Zutun f\u00fcr Ihren Mail-Verkehr nutzen k\u00f6nnen. Bei einer Umstellung Ihrer Systeme von IPv4 auf IPv6 m\u00fcssen Sie keine besondere Kompatibilit\u00e4ts-Einstellungen mehr vornehmen. Die Nutzung von IPv6 erfolgt ganz automatisch.<\/p><\/div><\/div>\t\t\t\t\t\t<\/div>\n\t\t\t\t<\/div>\n\t\t\t\t\t<\/div>\n\t\t<\/div>\n\t\t\t\t\t\t\t<\/div>\n\t\t<\/section>\n\t\t\t\t<section class=\"elementor-section elementor-top-section elementor-element elementor-element-3592067 elementor-section-boxed elementor-section-height-default elementor-section-height-default wpr-particle-no wpr-jarallax-no wpr-parallax-no wpr-sticky-section-no\" data-id=\"3592067\" data-element_type=\"section\">\n\t\t\t\t\t\t<div class=\"elementor-container elementor-column-gap-default\">\n\t\t\t\t\t<div class=\"elementor-column elementor-col-100 elementor-top-column elementor-element elementor-element-0bd4998\" data-id=\"0bd4998\" data-element_type=\"column\">\n\t\t\t<div class=\"elementor-widget-wrap elementor-element-populated\">\n\t\t\t\t\t\t\t\t<div class=\"elementor-element elementor-element-737f9df elementor-button-info elementor-align-center elementor-widget elementor-widget-button\" data-id=\"737f9df\" data-element_type=\"widget\" data-widget_type=\"button.default\">\n\t\t\t\t<div class=\"elementor-widget-container\">\n\t\t\t\t\t<div class=\"elementor-button-wrapper\">\n\t\t\t<a href=\"https:\/\/www.l-88.de\/whmcs\/index.php\/store\/sonstiges\/mailproxy\" target=\"_blank\" class=\"elementor-button-link elementor-button elementor-size-xl\" role=\"button\">\n\t\t\t\t\t\t<span class=\"elementor-button-content-wrapper\">\n\t\t\t\t\t\t<span class=\"elementor-button-text\">1,90 \u20ac monatlich \/ zur Bestellung<\/span>\n\t\t<\/span>\n\t\t\t\t\t<\/a>\n\t\t<\/div>\n\t\t\t\t<\/div>\n\t\t\t\t<\/div>\n\t\t\t\t\t<\/div>\n\t\t<\/div>\n\t\t\t\t\t\t\t<\/div>\n\t\t<\/section>\n\t\t\t\t\t\t\t<\/div>\n\t\t","protected":false},"excerpt":{"rendered":"<p>MailProxy Nutzen Sie den MailProxy, um unerw\u00fcnschte E-Mails schon im Vorfeld abzuwehren und so Ihre Mailserver zu entlasten. MailProxy \u2013 der praktische Viren- und Spamfilter MailProxy ist ein effektiver Viren- und Spamfilter, der vor ein Server-Kundensystem geschaltet wird, um vorab E-Mails auf Viren, Spam und andere sch\u00e4dliche Inhalte zu untersuchen und entsprechend (Markierung, L\u00f6schung) abzufertigen. [&hellip;]<\/p>\n","protected":false},"author":2,"featured_media":0,"parent":1043,"menu_order":0,"comment_status":"closed","ping_status":"closed","template":"elementor_header_footer","meta":{"footnotes":""},"_links":{"self":[{"href":"https:\/\/www.l-88.de\/index.php?rest_route=\/wp\/v2\/pages\/1154"}],"collection":[{"href":"https:\/\/www.l-88.de\/index.php?rest_route=\/wp\/v2\/pages"}],"about":[{"href":"https:\/\/www.l-88.de\/index.php?rest_route=\/wp\/v2\/types\/page"}],"author":[{"embeddable":true,"href":"https:\/\/www.l-88.de\/index.php?rest_route=\/wp\/v2\/users\/2"}],"replies":[{"embeddable":true,"href":"https:\/\/www.l-88.de\/index.php?rest_route=%2Fwp%2Fv2%2Fcomments&post=1154"}],"version-history":[{"count":10,"href":"https:\/\/www.l-88.de\/index.php?rest_route=\/wp\/v2\/pages\/1154\/revisions"}],"predecessor-version":[{"id":2394,"href":"https:\/\/www.l-88.de\/index.php?rest_route=\/wp\/v2\/pages\/1154\/revisions\/2394"}],"up":[{"embeddable":true,"href":"https:\/\/www.l-88.de\/index.php?rest_route=\/wp\/v2\/pages\/1043"}],"wp:attachment":[{"href":"https:\/\/www.l-88.de\/index.php?rest_route=%2Fwp%2Fv2%2Fmedia&parent=1154"}],"curies":[{"name":"wp","href":"https:\/\/api.w.org\/{rel}","templated":true}]}}