{"id":1159,"date":"2022-02-10T19:19:42","date_gmt":"2022-02-10T19:19:42","guid":{"rendered":"https:\/\/www.all-domains.de\/?page_id=1159"},"modified":"2022-02-14T16:59:43","modified_gmt":"2022-02-14T16:59:43","slug":"backupmx","status":"publish","type":"page","link":"https:\/\/www.l-88.de\/?page_id=1159","title":{"rendered":"BackupMX"},"content":{"rendered":"\t\t<div data-elementor-type=\"wp-page\" data-elementor-id=\"1159\" class=\"elementor elementor-1159\">\n\t\t\t\t\t\t\t\t\t<section class=\"elementor-section elementor-top-section elementor-element elementor-element-d34200f elementor-section-boxed elementor-section-height-default elementor-section-height-default wpr-particle-no wpr-jarallax-no wpr-parallax-no wpr-sticky-section-no\" data-id=\"d34200f\" data-element_type=\"section\">\n\t\t\t\t\t\t<div class=\"elementor-container elementor-column-gap-default\">\n\t\t\t\t\t<div class=\"elementor-column elementor-col-100 elementor-top-column elementor-element elementor-element-d495020\" data-id=\"d495020\" data-element_type=\"column\">\n\t\t\t<div class=\"elementor-widget-wrap elementor-element-populated\">\n\t\t\t\t\t\t\t\t<div class=\"elementor-element elementor-element-82e7b4e elementor-widget elementor-widget-heading\" data-id=\"82e7b4e\" data-element_type=\"widget\" data-widget_type=\"heading.default\">\n\t\t\t\t<div class=\"elementor-widget-container\">\n\t\t\t<style>\/*! elementor - v3.7.8 - 02-10-2022 *\/\n.elementor-heading-title{padding:0;margin:0;line-height:1}.elementor-widget-heading .elementor-heading-title[class*=elementor-size-]>a{color:inherit;font-size:inherit;line-height:inherit}.elementor-widget-heading .elementor-heading-title.elementor-size-small{font-size:15px}.elementor-widget-heading .elementor-heading-title.elementor-size-medium{font-size:19px}.elementor-widget-heading .elementor-heading-title.elementor-size-large{font-size:29px}.elementor-widget-heading .elementor-heading-title.elementor-size-xl{font-size:39px}.elementor-widget-heading .elementor-heading-title.elementor-size-xxl{font-size:59px}<\/style><h4 class=\"elementor-heading-title elementor-size-default\">BackupMX 2.0<\/h4>\t\t<\/div>\n\t\t\t\t<\/div>\n\t\t\t\t\t<\/div>\n\t\t<\/div>\n\t\t\t\t\t\t\t<\/div>\n\t\t<\/section>\n\t\t\t\t<section class=\"elementor-section elementor-top-section elementor-element elementor-element-a96bb8a elementor-section-boxed elementor-section-height-default elementor-section-height-default wpr-particle-no wpr-jarallax-no wpr-parallax-no wpr-sticky-section-no\" data-id=\"a96bb8a\" data-element_type=\"section\">\n\t\t\t\t\t\t<div class=\"elementor-container elementor-column-gap-default\">\n\t\t\t\t\t<div class=\"elementor-column elementor-col-100 elementor-top-column elementor-element elementor-element-a2dded5\" data-id=\"a2dded5\" data-element_type=\"column\">\n\t\t\t<div class=\"elementor-widget-wrap elementor-element-populated\">\n\t\t\t\t\t\t\t\t<div class=\"elementor-element elementor-element-f6e6fbb elementor-widget elementor-widget-text-editor\" data-id=\"f6e6fbb\" data-element_type=\"widget\" data-widget_type=\"text-editor.default\">\n\t\t\t\t<div class=\"elementor-widget-container\">\n\t\t\t<style>\/*! elementor - v3.7.8 - 02-10-2022 *\/\n.elementor-widget-text-editor.elementor-drop-cap-view-stacked .elementor-drop-cap{background-color:#818a91;color:#fff}.elementor-widget-text-editor.elementor-drop-cap-view-framed .elementor-drop-cap{color:#818a91;border:3px solid;background-color:transparent}.elementor-widget-text-editor:not(.elementor-drop-cap-view-default) .elementor-drop-cap{margin-top:8px}.elementor-widget-text-editor:not(.elementor-drop-cap-view-default) .elementor-drop-cap-letter{width:1em;height:1em}.elementor-widget-text-editor .elementor-drop-cap{float:left;text-align:center;line-height:1;font-size:50px}.elementor-widget-text-editor .elementor-drop-cap-letter{display:inline-block}<\/style>\t\t\t\t<div class=\"content1\"><div class=\"container\"><div id=\"c39191\" class=\"frame frame-default frame-type-text frame-layout-0\"><h4>Sicherung f\u00fcr Ihr Mail-System<\/h4><p>Mit dem BackupMX 2.0 gehen keine E-Mails verloren! Im Falle eines m\u00f6glichen Mailserver-Ausfalls sorgt der Dienst daf\u00fcr, dass E-Mails trotzdem sicher empfangen und zwischengespeichert werden. Ist der E-Mailserver wieder erreichbar, werden die gecachten E-Mails zuverl\u00e4ssig zugestellt. BackupMX 2.0 ist damit ein sinnvoller Sicherungsdienst f\u00fcr Ihren E-Mail-Verkehr!<\/p><\/div><\/div><\/div><div class=\"promo-outer\">\u00a0<\/div><div class=\"container content2\"><div id=\"c39192\" class=\"frame frame-default frame-type-text frame-layout-0\"><div id=\"c43500\" class=\"csc-default\"><div class=\"csc-textpic-text\"><h4 class=\"bodytext\">BackupMX 2.0: F\u00fcr eine sichere E-Mail-Zustellung<\/h4><div class=\"indent\"><p>Lieber vorausschauen als das Nachsehen haben! Mit dem BackupMX 2.0 k\u00f6nnen Sie m\u00f6glichen E-Mail-Verlusten bei einem Ausfall Ihres prim\u00e4ren Mailservers vorbeugen.<\/p><p>Sollte der prim\u00e4re Mailserver nicht arbeiten, \u00fcbernimmt der BackupMX Dienst die Speicherung eingehender Mails und h\u00e4lt sie solange (bis zu 14 Tage) im Cache vor, bis der Mailserver wieder verf\u00fcgbar ist. In 5-Minuten-Intervallen wird dabei gepr\u00fcft, ob der prim\u00e4re Mailserver erreichbar ist. L\u00e4uft der Mailserver wieder, werden die gespeicherten E-Mails zuverl\u00e4ssig zugestellt.<\/p><\/div><h4 class=\"bodytext\">BackupMX 2.0 &#8211; die Leistungen<\/h4><ul><li><b>E-Mail-Zwischenspeicherung<\/b><br \/>\u00a0\u00a0 Bis zu 14 Tage ab Ausfall des prim\u00e4ren Mailservers<\/li><li><b>Zustellversuche im 5-Minuten-Intervall (Caching)<\/b><br \/>\u00a0\u00a0 Regelm\u00e4\u00dfige \u00dcberpr\u00fcfung der Erreichbarkeit des prim\u00e4ren Mailservers<\/li><li><b>Mehrere Standorte der sekund\u00e4ren Mailserver<\/b><br \/>\u00a0\u00a0 Verf\u00fcgbar an einem oder an drei v\u00f6llig autonomen Standorten<br \/>\u00a0 \u00a0(Karlsruhe, Frankfurt a. M., M\u00fcnchen)<\/li><li><b>Nutzung der IPv6-Strukur<\/b><br \/>\u00a0\u00a0 IPv6-Kompatibilit\u00e4t erfolgt automatisch<\/li><li><b>Sicherheit f\u00fcr mehrere Hundert Domains<\/b><br \/>\u00a0\u00a0 Backup f\u00fcr bis zu 250 Domains m\u00f6glich, auf Anfrage auch mehr<\/li><\/ul><p>\u00a0<\/p><\/div><\/div><div id=\"c43535\" class=\"csc-default\"><h4>High-End-Technologie: IPv6 f\u00fcr BackupMX 2.0<\/h4><p>F\u00fcr den BackupMX 2.0 steht eine native IPv6-Struktur zur Verf\u00fcgung, die Sie ohne weiteres Zutun f\u00fcr Ihren Mail-Verkehr nutzen k\u00f6nnen. Bei einer Umstellung Ihrer Systeme von IPv4 auf IPv6 m\u00fcssen Sie keine besonderen Kompatibilit\u00e4ts-Einstellungen mehr vornehmen. Die Nutzung von IPv6 erfolgt ganz automatisch.<\/p><p>Als InterNetX Kunde sind Sie so vorne mit dabei, wenn es um die Nutzung der zukunftstr\u00e4chtigen IPv6-Technologie f\u00fcr Mail-Anwendungen geht! Nutzen Sie den zuverl\u00e4ssigen Dienst des BackupMX 2.0 und sichern Sie pro-aktiv die Zustellung Ihrer E-Mails!<\/p><\/div><h4>Sie m\u00f6chten BackupMX 2.0 nutzen?<\/h4><p>Unsere Experten vom ALL-DOMAINS Vertriebs-Team beraten Sie gerne.<\/p><\/div><\/div>\t\t\t\t\t\t<\/div>\n\t\t\t\t<\/div>\n\t\t\t\t\t<\/div>\n\t\t<\/div>\n\t\t\t\t\t\t\t<\/div>\n\t\t<\/section>\n\t\t\t\t<section class=\"elementor-section elementor-top-section elementor-element elementor-element-77b1c97 elementor-section-boxed elementor-section-height-default elementor-section-height-default wpr-particle-no wpr-jarallax-no wpr-parallax-no wpr-sticky-section-no\" data-id=\"77b1c97\" data-element_type=\"section\">\n\t\t\t\t\t\t<div class=\"elementor-container elementor-column-gap-default\">\n\t\t\t\t\t<div class=\"elementor-column elementor-col-100 elementor-top-column elementor-element elementor-element-4b7fd64\" data-id=\"4b7fd64\" data-element_type=\"column\">\n\t\t\t<div class=\"elementor-widget-wrap elementor-element-populated\">\n\t\t\t\t\t\t\t\t<div class=\"elementor-element elementor-element-dcdb67b elementor-button-info elementor-align-center elementor-widget elementor-widget-button\" data-id=\"dcdb67b\" data-element_type=\"widget\" data-widget_type=\"button.default\">\n\t\t\t\t<div class=\"elementor-widget-container\">\n\t\t\t\t\t<div class=\"elementor-button-wrapper\">\n\t\t\t<a href=\"https:\/\/www.l-88.de\/whmcs\/index.php\/store\/sonstiges\/backupmx\" target=\"_blank\" class=\"elementor-button-link elementor-button elementor-size-xl\" role=\"button\">\n\t\t\t\t\t\t<span class=\"elementor-button-content-wrapper\">\n\t\t\t\t\t\t<span class=\"elementor-button-text\">2.90 \u20ac monatlich \/ zur Bestellung<\/span>\n\t\t<\/span>\n\t\t\t\t\t<\/a>\n\t\t<\/div>\n\t\t\t\t<\/div>\n\t\t\t\t<\/div>\n\t\t\t\t\t<\/div>\n\t\t<\/div>\n\t\t\t\t\t\t\t<\/div>\n\t\t<\/section>\n\t\t\t\t\t\t\t<\/div>\n\t\t","protected":false},"excerpt":{"rendered":"<p>BackupMX 2.0 Sicherung f\u00fcr Ihr Mail-System Mit dem BackupMX 2.0 gehen keine E-Mails verloren! Im Falle eines m\u00f6glichen Mailserver-Ausfalls sorgt der Dienst daf\u00fcr, dass E-Mails trotzdem sicher empfangen und zwischengespeichert werden. Ist der E-Mailserver wieder erreichbar, werden die gecachten E-Mails zuverl\u00e4ssig zugestellt. BackupMX 2.0 ist damit ein sinnvoller Sicherungsdienst f\u00fcr Ihren E-Mail-Verkehr! \u00a0 BackupMX 2.0: [&hellip;]<\/p>\n","protected":false},"author":2,"featured_media":0,"parent":1043,"menu_order":0,"comment_status":"closed","ping_status":"closed","template":"elementor_header_footer","meta":{"footnotes":""},"_links":{"self":[{"href":"https:\/\/www.l-88.de\/index.php?rest_route=\/wp\/v2\/pages\/1159"}],"collection":[{"href":"https:\/\/www.l-88.de\/index.php?rest_route=\/wp\/v2\/pages"}],"about":[{"href":"https:\/\/www.l-88.de\/index.php?rest_route=\/wp\/v2\/types\/page"}],"author":[{"embeddable":true,"href":"https:\/\/www.l-88.de\/index.php?rest_route=\/wp\/v2\/users\/2"}],"replies":[{"embeddable":true,"href":"https:\/\/www.l-88.de\/index.php?rest_route=%2Fwp%2Fv2%2Fcomments&post=1159"}],"version-history":[{"count":13,"href":"https:\/\/www.l-88.de\/index.php?rest_route=\/wp\/v2\/pages\/1159\/revisions"}],"predecessor-version":[{"id":2397,"href":"https:\/\/www.l-88.de\/index.php?rest_route=\/wp\/v2\/pages\/1159\/revisions\/2397"}],"up":[{"embeddable":true,"href":"https:\/\/www.l-88.de\/index.php?rest_route=\/wp\/v2\/pages\/1043"}],"wp:attachment":[{"href":"https:\/\/www.l-88.de\/index.php?rest_route=%2Fwp%2Fv2%2Fmedia&parent=1159"}],"curies":[{"name":"wp","href":"https:\/\/api.w.org\/{rel}","templated":true}]}}