{"id":2206,"date":"2022-02-13T18:06:18","date_gmt":"2022-02-13T18:06:18","guid":{"rendered":"https:\/\/www.all-domains.de\/?page_id=2206"},"modified":"2022-03-02T09:52:07","modified_gmt":"2022-03-02T09:52:07","slug":"rootserver-windows","status":"publish","type":"page","link":"https:\/\/www.l-88.de\/?page_id=2206","title":{"rendered":"Rootserver \/ Windows"},"content":{"rendered":"\t\t<div data-elementor-type=\"wp-page\" data-elementor-id=\"2206\" class=\"elementor elementor-2206\">\n\t\t\t\t\t\t\t\t\t<section class=\"elementor-section elementor-top-section elementor-element elementor-element-e34c649 elementor-section-boxed elementor-section-height-default elementor-section-height-default wpr-particle-no wpr-jarallax-no wpr-parallax-no wpr-sticky-section-no\" data-id=\"e34c649\" data-element_type=\"section\">\n\t\t\t\t\t\t<div class=\"elementor-container elementor-column-gap-default\">\n\t\t\t\t\t<div class=\"elementor-column elementor-col-100 elementor-top-column elementor-element elementor-element-c445e4b\" data-id=\"c445e4b\" data-element_type=\"column\">\n\t\t\t<div class=\"elementor-widget-wrap elementor-element-populated\">\n\t\t\t\t\t\t\t\t<div class=\"elementor-element elementor-element-ab4cbc6 elementor-widget elementor-widget-text-editor\" data-id=\"ab4cbc6\" data-element_type=\"widget\" data-widget_type=\"text-editor.default\">\n\t\t\t\t<div class=\"elementor-widget-container\">\n\t\t\t<style>\/*! elementor - v3.7.8 - 02-10-2022 *\/\n.elementor-widget-text-editor.elementor-drop-cap-view-stacked .elementor-drop-cap{background-color:#818a91;color:#fff}.elementor-widget-text-editor.elementor-drop-cap-view-framed .elementor-drop-cap{color:#818a91;border:3px solid;background-color:transparent}.elementor-widget-text-editor:not(.elementor-drop-cap-view-default) .elementor-drop-cap{margin-top:8px}.elementor-widget-text-editor:not(.elementor-drop-cap-view-default) .elementor-drop-cap-letter{width:1em;height:1em}.elementor-widget-text-editor .elementor-drop-cap{float:left;text-align:center;line-height:1;font-size:50px}.elementor-widget-text-editor .elementor-drop-cap-letter{display:inline-block}<\/style>\t\t\t\t<p style=\"text-align: center;\">Alle Preisangaben sind Preise bei monatlicher Zahlungsweise, inkl. der zur Zeit g\u00fcltigen MwSt.<\/p>\t\t\t\t\t\t<\/div>\n\t\t\t\t<\/div>\n\t\t\t\t\t<\/div>\n\t\t<\/div>\n\t\t\t\t\t\t\t<\/div>\n\t\t<\/section>\n\t\t\t\t<section class=\"elementor-section elementor-top-section elementor-element elementor-element-a1defed elementor-section-boxed elementor-section-height-default elementor-section-height-default wpr-particle-no wpr-jarallax-no wpr-parallax-no wpr-sticky-section-no\" data-id=\"a1defed\" data-element_type=\"section\">\n\t\t\t\t\t\t<div class=\"elementor-container elementor-column-gap-default\">\n\t\t\t\t\t<div class=\"elementor-column elementor-col-100 elementor-top-column elementor-element elementor-element-2c1eb3f\" data-id=\"2c1eb3f\" data-element_type=\"column\">\n\t\t\t<div class=\"elementor-widget-wrap elementor-element-populated\">\n\t\t\t\t\t\t\t\t<div class=\"elementor-element elementor-element-378b52f elementor-widget elementor-widget-text-editor\" data-id=\"378b52f\" data-element_type=\"widget\" data-widget_type=\"text-editor.default\">\n\t\t\t\t<div class=\"elementor-widget-container\">\n\t\t\t\t\t\t\t<h4 class=\"csc-header-alignment-center\">Virtuelle dedizierte Server, mit echten Festplatten und h\u00f6chster Performance<\/h4><p>Die n\u00e4chste Generation Server zum Mieten steht Ihnen ab sofort zur Verf\u00fcgung. Mit den<b> VDs (virtual Dedicated Servern<\/b>) erhalten Sie einen g\u00fcnstigen Server mit dedizierten Festplatten und virtuellen Ressourcen im Bereich vCore und RAM. Unsere VD Server vereinen das Beste aus <b>vServern<\/b> (VPS) und\u00a0<b>dedizierten Servern<\/b>. \u00dcberzeugen Sie sich selbst von der n\u00e4chsten Generation Virtual Dedicated Servern mit mehr und schnellerem Speicherplatz als einer VPS.<\/p>\t\t\t\t\t\t<\/div>\n\t\t\t\t<\/div>\n\t\t\t\t\t<\/div>\n\t\t<\/div>\n\t\t\t\t\t\t\t<\/div>\n\t\t<\/section>\n\t\t\t\t<section class=\"elementor-section elementor-top-section elementor-element elementor-element-3492c60 elementor-section-boxed elementor-section-height-default elementor-section-height-default wpr-particle-no wpr-jarallax-no wpr-parallax-no wpr-sticky-section-no\" data-id=\"3492c60\" data-element_type=\"section\">\n\t\t\t\t\t\t<div class=\"elementor-container elementor-column-gap-default\">\n\t\t\t\t\t<div class=\"elementor-column elementor-col-50 elementor-top-column elementor-element elementor-element-624bba9\" data-id=\"624bba9\" data-element_type=\"column\">\n\t\t\t<div class=\"elementor-widget-wrap elementor-element-populated\">\n\t\t\t\t\t\t\t\t<div class=\"elementor-element elementor-element-2a4714f elementor-widget elementor-widget-text-editor\" data-id=\"2a4714f\" data-element_type=\"widget\" data-widget_type=\"text-editor.default\">\n\t\t\t\t<div class=\"elementor-widget-container\">\n\t\t\t\t\t\t\t<div class=\"item-product\"><h4 style=\"text-align: center;\"><span id=\"product148-name\">VD Server S<\/span><\/h4><div class=\"product-desc\"><p style=\"text-align: center;\">6 vCores<br \/>16GB RAM<br \/>1 x 2.000 GB HDD oder 1 x 960 GB SSD<br \/>1 .de Domain inklusive<\/p><p style=\"text-align: center;\">Preis inkl. Windows-Lizenz<img decoding=\"async\" loading=\"lazy\" class=\"wp-image-856 size-medium aligncenter\" src=\"https:\/\/www.l-88.de\/wp-content\/uploads\/2022\/02\/server-rechenzentrum-19-zoll1-e1269964560794-300x103.jpg\" alt=\"\" width=\"300\" height=\"103\" srcset=\"https:\/\/www.l-88.de\/wp-content\/uploads\/2022\/02\/server-rechenzentrum-19-zoll1-e1269964560794-300x103.jpg 300w, https:\/\/www.l-88.de\/wp-content\/uploads\/2022\/02\/server-rechenzentrum-19-zoll1-e1269964560794-230x79.jpg 230w, https:\/\/www.l-88.de\/wp-content\/uploads\/2022\/02\/server-rechenzentrum-19-zoll1-e1269964560794.jpg 351w\" sizes=\"(max-width: 300px) 100vw, 300px\" \/><\/p><\/div><\/div>\t\t\t\t\t\t<\/div>\n\t\t\t\t<\/div>\n\t\t\t\t\t<\/div>\n\t\t<\/div>\n\t\t\t\t<div class=\"elementor-column elementor-col-50 elementor-top-column elementor-element elementor-element-7200086\" data-id=\"7200086\" data-element_type=\"column\">\n\t\t\t<div class=\"elementor-widget-wrap elementor-element-populated\">\n\t\t\t\t\t\t\t\t<div class=\"elementor-element elementor-element-d516cdb elementor-widget elementor-widget-text-editor\" data-id=\"d516cdb\" data-element_type=\"widget\" data-widget_type=\"text-editor.default\">\n\t\t\t\t<div class=\"elementor-widget-container\">\n\t\t\t\t\t\t\t<div class=\"item-product\"><h4 style=\"text-align: center;\"><span id=\"product153-name\">VD Server M<\/span><\/h4><div class=\"product-desc\"><p style=\"text-align: center;\">8 vCores<br \/>16GB RAM<br \/>2 x 2.000 GB HDD oder 2 x 960 GB SSD<br \/>1 .de Domain inklusive<\/p><p style=\"text-align: center;\">Preis inkl. Windows-Lizenz<img decoding=\"async\" loading=\"lazy\" class=\"wp-image-856 size-medium aligncenter\" src=\"https:\/\/www.l-88.de\/wp-content\/uploads\/2022\/02\/server-rechenzentrum-19-zoll1-e1269964560794-300x103.jpg\" alt=\"\" width=\"300\" height=\"103\" srcset=\"https:\/\/www.l-88.de\/wp-content\/uploads\/2022\/02\/server-rechenzentrum-19-zoll1-e1269964560794-300x103.jpg 300w, https:\/\/www.l-88.de\/wp-content\/uploads\/2022\/02\/server-rechenzentrum-19-zoll1-e1269964560794-230x79.jpg 230w, https:\/\/www.l-88.de\/wp-content\/uploads\/2022\/02\/server-rechenzentrum-19-zoll1-e1269964560794.jpg 351w\" sizes=\"(max-width: 300px) 100vw, 300px\" \/><\/p><\/div><\/div>\t\t\t\t\t\t<\/div>\n\t\t\t\t<\/div>\n\t\t\t\t<div class=\"elementor-element elementor-element-11b087c elementor-widget elementor-widget-text-editor\" data-id=\"11b087c\" data-element_type=\"widget\" data-widget_type=\"text-editor.default\">\n\t\t\t\t<div class=\"elementor-widget-container\">\n\t\t\t\t\t\t\t\t\t\t\t\t\t<\/div>\n\t\t\t\t<\/div>\n\t\t\t\t\t<\/div>\n\t\t<\/div>\n\t\t\t\t\t\t\t<\/div>\n\t\t<\/section>\n\t\t\t\t<section class=\"elementor-section elementor-top-section elementor-element elementor-element-e2f95f6 elementor-section-boxed elementor-section-height-default elementor-section-height-default wpr-particle-no wpr-jarallax-no wpr-parallax-no wpr-sticky-section-no\" data-id=\"e2f95f6\" data-element_type=\"section\">\n\t\t\t\t\t\t<div class=\"elementor-container elementor-column-gap-default\">\n\t\t\t\t\t<div class=\"elementor-column elementor-col-50 elementor-top-column elementor-element elementor-element-3d63ff3\" data-id=\"3d63ff3\" data-element_type=\"column\">\n\t\t\t<div class=\"elementor-widget-wrap elementor-element-populated\">\n\t\t\t\t\t\t\t\t<div class=\"elementor-element elementor-element-20383a5 elementor-align-center elementor-button-info elementor-widget elementor-widget-button\" data-id=\"20383a5\" data-element_type=\"widget\" data-widget_type=\"button.default\">\n\t\t\t\t<div class=\"elementor-widget-container\">\n\t\t\t\t\t<div class=\"elementor-button-wrapper\">\n\t\t\t<a href=\"https:\/\/www.l-88.de\/whmcs\/index.php\/store\/rootserver-windows\/vd-server-s-1\" target=\"_blank\" class=\"elementor-button-link elementor-button elementor-size-sm\" role=\"button\">\n\t\t\t\t\t\t<span class=\"elementor-button-content-wrapper\">\n\t\t\t\t\t\t<span class=\"elementor-button-text\">49,95 \u20ac monatl. \/ zur Bestellseite<\/span>\n\t\t<\/span>\n\t\t\t\t\t<\/a>\n\t\t<\/div>\n\t\t\t\t<\/div>\n\t\t\t\t<\/div>\n\t\t\t\t\t<\/div>\n\t\t<\/div>\n\t\t\t\t<div class=\"elementor-column elementor-col-50 elementor-top-column elementor-element elementor-element-0a73f7b\" data-id=\"0a73f7b\" data-element_type=\"column\">\n\t\t\t<div class=\"elementor-widget-wrap elementor-element-populated\">\n\t\t\t\t\t\t\t\t<div class=\"elementor-element elementor-element-b2413f4 elementor-align-center elementor-button-info elementor-widget elementor-widget-button\" data-id=\"b2413f4\" data-element_type=\"widget\" data-widget_type=\"button.default\">\n\t\t\t\t<div class=\"elementor-widget-container\">\n\t\t\t\t\t<div class=\"elementor-button-wrapper\">\n\t\t\t<a href=\"https:\/\/www.l-88.de\/whmcs\/index.php\/store\/rootserver-windows\/vd-server-m-1\" target=\"_blank\" class=\"elementor-button-link elementor-button elementor-size-sm\" role=\"button\">\n\t\t\t\t\t\t<span class=\"elementor-button-content-wrapper\">\n\t\t\t\t\t\t<span class=\"elementor-button-text\">59,95 \u20ac monatl. \/ zur Bestellseite<\/span>\n\t\t<\/span>\n\t\t\t\t\t<\/a>\n\t\t<\/div>\n\t\t\t\t<\/div>\n\t\t\t\t<\/div>\n\t\t\t\t\t<\/div>\n\t\t<\/div>\n\t\t\t\t\t\t\t<\/div>\n\t\t<\/section>\n\t\t\t\t<section class=\"elementor-section elementor-top-section elementor-element elementor-element-563fe23 elementor-section-boxed elementor-section-height-default elementor-section-height-default wpr-particle-no wpr-jarallax-no wpr-parallax-no wpr-sticky-section-no\" data-id=\"563fe23\" data-element_type=\"section\">\n\t\t\t\t\t\t<div class=\"elementor-container elementor-column-gap-default\">\n\t\t\t\t\t<div class=\"elementor-column elementor-col-50 elementor-top-column elementor-element elementor-element-655c870\" data-id=\"655c870\" data-element_type=\"column\">\n\t\t\t<div class=\"elementor-widget-wrap elementor-element-populated\">\n\t\t\t\t\t\t\t\t<div class=\"elementor-element elementor-element-411b41a elementor-widget elementor-widget-text-editor\" data-id=\"411b41a\" data-element_type=\"widget\" data-widget_type=\"text-editor.default\">\n\t\t\t\t<div class=\"elementor-widget-container\">\n\t\t\t\t\t\t\t<h4 style=\"text-align: center;\"><span id=\"product154-name\">VD Server L<br \/><\/span><\/h4><div class=\"product-desc\" style=\"text-align: center;\"><p>12 vCores<br \/>24GB RAM<br \/>2 x 2.000 GB HDD oder 2 x 960 GB SSD<br \/>1 .de Domain inklusive<\/p><p style=\"text-align: center;\">Preis inkl. Windows-Lizenz<img decoding=\"async\" loading=\"lazy\" class=\"wp-image-856 size-medium aligncenter\" src=\"https:\/\/www.l-88.de\/wp-content\/uploads\/2022\/02\/server-rechenzentrum-19-zoll1-e1269964560794-300x103.jpg\" alt=\"\" width=\"300\" height=\"103\" srcset=\"https:\/\/www.l-88.de\/wp-content\/uploads\/2022\/02\/server-rechenzentrum-19-zoll1-e1269964560794-300x103.jpg 300w, https:\/\/www.l-88.de\/wp-content\/uploads\/2022\/02\/server-rechenzentrum-19-zoll1-e1269964560794-230x79.jpg 230w, https:\/\/www.l-88.de\/wp-content\/uploads\/2022\/02\/server-rechenzentrum-19-zoll1-e1269964560794.jpg 351w\" sizes=\"(max-width: 300px) 100vw, 300px\" \/><\/p><\/div>\t\t\t\t\t\t<\/div>\n\t\t\t\t<\/div>\n\t\t\t\t\t<\/div>\n\t\t<\/div>\n\t\t\t\t<div class=\"elementor-column elementor-col-50 elementor-top-column elementor-element elementor-element-5fc1851\" data-id=\"5fc1851\" data-element_type=\"column\">\n\t\t\t<div class=\"elementor-widget-wrap elementor-element-populated\">\n\t\t\t\t\t\t\t\t<div class=\"elementor-element elementor-element-cb564d7 elementor-widget elementor-widget-text-editor\" data-id=\"cb564d7\" data-element_type=\"widget\" data-widget_type=\"text-editor.default\">\n\t\t\t\t<div class=\"elementor-widget-container\">\n\t\t\t\t\t\t\t<h4 style=\"text-align: center;\"><span id=\"product261-name\">VD Server XL<br \/><\/span><\/h4><div class=\"product-desc\" style=\"text-align: center;\"><p>16 vCores<br \/>32GB RAM<br \/>3 x 2.000 GB HDD oder 3 x 960 GB SSD<br \/>1 .de Domain inklusive<\/p><p style=\"text-align: center;\">Preis inkl. Windows-Lizenz<img decoding=\"async\" loading=\"lazy\" class=\"wp-image-856 size-medium aligncenter\" src=\"https:\/\/www.l-88.de\/wp-content\/uploads\/2022\/02\/server-rechenzentrum-19-zoll1-e1269964560794-300x103.jpg\" alt=\"\" width=\"300\" height=\"103\" srcset=\"https:\/\/www.l-88.de\/wp-content\/uploads\/2022\/02\/server-rechenzentrum-19-zoll1-e1269964560794-300x103.jpg 300w, https:\/\/www.l-88.de\/wp-content\/uploads\/2022\/02\/server-rechenzentrum-19-zoll1-e1269964560794-230x79.jpg 230w, https:\/\/www.l-88.de\/wp-content\/uploads\/2022\/02\/server-rechenzentrum-19-zoll1-e1269964560794.jpg 351w\" sizes=\"(max-width: 300px) 100vw, 300px\" \/><\/p><\/div>\t\t\t\t\t\t<\/div>\n\t\t\t\t<\/div>\n\t\t\t\t\t<\/div>\n\t\t<\/div>\n\t\t\t\t\t\t\t<\/div>\n\t\t<\/section>\n\t\t\t\t<section class=\"elementor-section elementor-top-section elementor-element elementor-element-7a6f691 elementor-section-boxed elementor-section-height-default elementor-section-height-default wpr-particle-no wpr-jarallax-no wpr-parallax-no wpr-sticky-section-no\" data-id=\"7a6f691\" data-element_type=\"section\">\n\t\t\t\t\t\t<div class=\"elementor-container elementor-column-gap-default\">\n\t\t\t\t\t<div class=\"elementor-column elementor-col-50 elementor-top-column elementor-element elementor-element-bd154d5\" data-id=\"bd154d5\" data-element_type=\"column\">\n\t\t\t<div class=\"elementor-widget-wrap elementor-element-populated\">\n\t\t\t\t\t\t\t\t<div class=\"elementor-element elementor-element-de539d5 elementor-button-info elementor-align-center elementor-widget elementor-widget-button\" data-id=\"de539d5\" data-element_type=\"widget\" data-widget_type=\"button.default\">\n\t\t\t\t<div class=\"elementor-widget-container\">\n\t\t\t\t\t<div class=\"elementor-button-wrapper\">\n\t\t\t<a href=\"https:\/\/www.l-88.de\/whmcs\/index.php\/store\/rootserver-windows\/vd-server-l-1\" target=\"_blank\" class=\"elementor-button-link elementor-button elementor-size-sm\" role=\"button\">\n\t\t\t\t\t\t<span class=\"elementor-button-content-wrapper\">\n\t\t\t\t\t\t<span class=\"elementor-button-text\">69,95 \u20ac monatl. \/ zur Bestellseite<\/span>\n\t\t<\/span>\n\t\t\t\t\t<\/a>\n\t\t<\/div>\n\t\t\t\t<\/div>\n\t\t\t\t<\/div>\n\t\t\t\t\t<\/div>\n\t\t<\/div>\n\t\t\t\t<div class=\"elementor-column elementor-col-50 elementor-top-column elementor-element elementor-element-af49a27\" data-id=\"af49a27\" data-element_type=\"column\">\n\t\t\t<div class=\"elementor-widget-wrap elementor-element-populated\">\n\t\t\t\t\t\t\t\t<div class=\"elementor-element elementor-element-09c77e3 elementor-button-info elementor-align-center elementor-widget elementor-widget-button\" data-id=\"09c77e3\" data-element_type=\"widget\" data-widget_type=\"button.default\">\n\t\t\t\t<div class=\"elementor-widget-container\">\n\t\t\t\t\t<div class=\"elementor-button-wrapper\">\n\t\t\t<a href=\"https:\/\/www.l-88.de\/whmcs\/index.php\/store\/rootserver-windows\/vd-server-xl\" target=\"_blank\" class=\"elementor-button-link elementor-button elementor-size-sm\" role=\"button\">\n\t\t\t\t\t\t<span class=\"elementor-button-content-wrapper\">\n\t\t\t\t\t\t<span class=\"elementor-button-text\">79,95 \u20ac monatl. \/ zur Bestellseite<\/span>\n\t\t<\/span>\n\t\t\t\t\t<\/a>\n\t\t<\/div>\n\t\t\t\t<\/div>\n\t\t\t\t<\/div>\n\t\t\t\t\t<\/div>\n\t\t<\/div>\n\t\t\t\t\t\t\t<\/div>\n\t\t<\/section>\n\t\t\t\t\t\t\t<\/div>\n\t\t","protected":false},"excerpt":{"rendered":"<p>Alle Preisangaben sind Preise bei monatlicher Zahlungsweise, inkl. der zur Zeit g\u00fcltigen MwSt. Virtuelle dedizierte Server, mit echten Festplatten und h\u00f6chster Performance Die n\u00e4chste Generation Server zum Mieten steht Ihnen ab sofort zur Verf\u00fcgung. Mit den VDs (virtual Dedicated Servern) erhalten Sie einen g\u00fcnstigen Server mit dedizierten Festplatten und virtuellen Ressourcen im Bereich vCore und [&hellip;]<\/p>\n","protected":false},"author":2,"featured_media":0,"parent":1308,"menu_order":0,"comment_status":"closed","ping_status":"closed","template":"elementor_header_footer","meta":{"footnotes":""},"_links":{"self":[{"href":"https:\/\/www.l-88.de\/index.php?rest_route=\/wp\/v2\/pages\/2206"}],"collection":[{"href":"https:\/\/www.l-88.de\/index.php?rest_route=\/wp\/v2\/pages"}],"about":[{"href":"https:\/\/www.l-88.de\/index.php?rest_route=\/wp\/v2\/types\/page"}],"author":[{"embeddable":true,"href":"https:\/\/www.l-88.de\/index.php?rest_route=\/wp\/v2\/users\/2"}],"replies":[{"embeddable":true,"href":"https:\/\/www.l-88.de\/index.php?rest_route=%2Fwp%2Fv2%2Fcomments&post=2206"}],"version-history":[{"count":38,"href":"https:\/\/www.l-88.de\/index.php?rest_route=\/wp\/v2\/pages\/2206\/revisions"}],"predecessor-version":[{"id":2500,"href":"https:\/\/www.l-88.de\/index.php?rest_route=\/wp\/v2\/pages\/2206\/revisions\/2500"}],"up":[{"embeddable":true,"href":"https:\/\/www.l-88.de\/index.php?rest_route=\/wp\/v2\/pages\/1308"}],"wp:attachment":[{"href":"https:\/\/www.l-88.de\/index.php?rest_route=%2Fwp%2Fv2%2Fmedia&parent=2206"}],"curies":[{"name":"wp","href":"https:\/\/api.w.org\/{rel}","templated":true}]}}