{"id":2492,"date":"2022-03-02T09:50:30","date_gmt":"2022-03-02T09:50:30","guid":{"rendered":"https:\/\/www.l-88.de\/?page_id=2492"},"modified":"2022-03-02T18:11:59","modified_gmt":"2022-03-02T18:11:59","slug":"intel-core-server","status":"publish","type":"page","link":"https:\/\/www.l-88.de\/?page_id=2492","title":{"rendered":"Intel Core Server"},"content":{"rendered":"\t\t<div data-elementor-type=\"wp-page\" data-elementor-id=\"2492\" class=\"elementor elementor-2492\">\n\t\t\t\t\t\t\t\t\t<section class=\"elementor-section elementor-top-section elementor-element elementor-element-8953bcb elementor-section-boxed elementor-section-height-default elementor-section-height-default wpr-particle-no wpr-jarallax-no wpr-parallax-no wpr-sticky-section-no\" data-id=\"8953bcb\" data-element_type=\"section\">\n\t\t\t\t\t\t<div class=\"elementor-container elementor-column-gap-default\">\n\t\t\t\t\t<div class=\"elementor-column elementor-col-100 elementor-top-column elementor-element elementor-element-3edf12b\" data-id=\"3edf12b\" data-element_type=\"column\">\n\t\t\t<div class=\"elementor-widget-wrap elementor-element-populated\">\n\t\t\t\t\t\t\t\t<div class=\"elementor-element elementor-element-ab89e3b elementor-widget elementor-widget-heading\" data-id=\"ab89e3b\" data-element_type=\"widget\" data-widget_type=\"heading.default\">\n\t\t\t\t<div class=\"elementor-widget-container\">\n\t\t\t<style>\/*! elementor - v3.7.8 - 02-10-2022 *\/\n.elementor-heading-title{padding:0;margin:0;line-height:1}.elementor-widget-heading .elementor-heading-title[class*=elementor-size-]>a{color:inherit;font-size:inherit;line-height:inherit}.elementor-widget-heading .elementor-heading-title.elementor-size-small{font-size:15px}.elementor-widget-heading .elementor-heading-title.elementor-size-medium{font-size:19px}.elementor-widget-heading .elementor-heading-title.elementor-size-large{font-size:29px}.elementor-widget-heading .elementor-heading-title.elementor-size-xl{font-size:39px}.elementor-widget-heading .elementor-heading-title.elementor-size-xxl{font-size:59px}<\/style><h4 class=\"elementor-heading-title elementor-size-default\">Intel Core Server<\/h4>\t\t<\/div>\n\t\t\t\t<\/div>\n\t\t\t\t\t<\/div>\n\t\t<\/div>\n\t\t\t\t\t\t\t<\/div>\n\t\t<\/section>\n\t\t\t\t<section class=\"elementor-section elementor-top-section elementor-element elementor-element-d5e108d elementor-section-boxed elementor-section-height-default elementor-section-height-default wpr-particle-no wpr-jarallax-no wpr-parallax-no wpr-sticky-section-no\" data-id=\"d5e108d\" data-element_type=\"section\">\n\t\t\t\t\t\t<div class=\"elementor-container elementor-column-gap-default\">\n\t\t\t\t\t<div class=\"elementor-column elementor-col-100 elementor-top-column elementor-element elementor-element-22c9514\" data-id=\"22c9514\" data-element_type=\"column\">\n\t\t\t<div class=\"elementor-widget-wrap elementor-element-populated\">\n\t\t\t\t\t\t\t\t<div class=\"elementor-element elementor-element-a4b2a66 elementor-widget elementor-widget-text-editor\" data-id=\"a4b2a66\" data-element_type=\"widget\" data-widget_type=\"text-editor.default\">\n\t\t\t\t<div class=\"elementor-widget-container\">\n\t\t\t<style>\/*! elementor - v3.7.8 - 02-10-2022 *\/\n.elementor-widget-text-editor.elementor-drop-cap-view-stacked .elementor-drop-cap{background-color:#818a91;color:#fff}.elementor-widget-text-editor.elementor-drop-cap-view-framed .elementor-drop-cap{color:#818a91;border:3px solid;background-color:transparent}.elementor-widget-text-editor:not(.elementor-drop-cap-view-default) .elementor-drop-cap{margin-top:8px}.elementor-widget-text-editor:not(.elementor-drop-cap-view-default) .elementor-drop-cap-letter{width:1em;height:1em}.elementor-widget-text-editor .elementor-drop-cap{float:left;text-align:center;line-height:1;font-size:50px}.elementor-widget-text-editor .elementor-drop-cap-letter{display:inline-block}<\/style>\t\t\t\t<p>Dedizierte Server werden f\u00fcr viele Anwendungen ben\u00f6tigt. Die Auslegung eines Root Servers l\u00e4sst es zu, dass der Administrator alleinig \u00fcber <b>alle Ressourcen<\/b> verf\u00fcgt. Daraus resultiert eine klare Linie f\u00fcr das\u00a0 Kalkulieren der ben\u00f6tigten Leistung. Prominente Beispiele f\u00fcr die Anwendung eines Root Servers sind <b>Gameserver<\/b>, <b>Streaming- und Downloadportal<\/b>, <b>Webseiten mit hohen Datenbankabfragen<\/b> oder <b>ressourcenintensive Webprojekte<\/b>. Mit den leistungsstarken und performanten dedizierten Intel Servern von ALL-DOMAINS steht Ihrem n\u00e4chsten Projekt nichts im Weg. Mieten Sie sich jetzt Ihren g\u00fcnstigen dedizierten Server und starten mit vollen Ressourcen durch.<\/p>\t\t\t\t\t\t<\/div>\n\t\t\t\t<\/div>\n\t\t\t\t\t<\/div>\n\t\t<\/div>\n\t\t\t\t\t\t\t<\/div>\n\t\t<\/section>\n\t\t\t\t<section class=\"elementor-section elementor-top-section elementor-element elementor-element-8ff25c2 elementor-section-boxed elementor-section-height-default elementor-section-height-default wpr-particle-no wpr-jarallax-no wpr-parallax-no wpr-sticky-section-no\" data-id=\"8ff25c2\" data-element_type=\"section\">\n\t\t\t\t\t\t<div class=\"elementor-container elementor-column-gap-default\">\n\t\t\t\t\t<div class=\"elementor-column elementor-col-33 elementor-top-column elementor-element elementor-element-98300e8\" data-id=\"98300e8\" data-element_type=\"column\">\n\t\t\t<div class=\"elementor-widget-wrap elementor-element-populated\">\n\t\t\t\t\t\t\t\t<div class=\"elementor-element elementor-element-cbcd5d9 elementor-widget elementor-widget-text-editor\" data-id=\"cbcd5d9\" data-element_type=\"widget\" data-widget_type=\"text-editor.default\">\n\t\t\t\t<div class=\"elementor-widget-container\">\n\t\t\t\t\t\t\t<h4 style=\"text-align: center;\"><span id=\"product191-name\">Intel i5 Server<\/span><\/h4><div class=\"product-desc\" style=\"text-align: center;\"><p>Intel i5-9600K (6 x 3,7 GHz)<br \/>32GB DDR4<br \/>2x 1TB S-ATA, 2x 240GB SSD, oder 2x 256GB NVMe<\/p><div>\u00a0<\/div><div>Reverse-DNS Verwaltung per Interface<br \/>redundante Anbindung<br \/>redundante Router<br \/>USV Stromversorgung<\/div><div>keine Setup-Geb\u00fchr<br \/>1x .de-Domain inklusive<\/div><\/div>\t\t\t\t\t\t<\/div>\n\t\t\t\t<\/div>\n\t\t\t\t\t<\/div>\n\t\t<\/div>\n\t\t\t\t<div class=\"elementor-column elementor-col-33 elementor-top-column elementor-element elementor-element-43d31c0\" data-id=\"43d31c0\" data-element_type=\"column\">\n\t\t\t<div class=\"elementor-widget-wrap elementor-element-populated\">\n\t\t\t\t\t\t\t\t<div class=\"elementor-element elementor-element-c560e4c elementor-widget elementor-widget-text-editor\" data-id=\"c560e4c\" data-element_type=\"widget\" data-widget_type=\"text-editor.default\">\n\t\t\t\t<div class=\"elementor-widget-container\">\n\t\t\t\t\t\t\t<div class=\"product-desc\" style=\"text-align: center;\"><h4><span id=\"product192-name\">Intel i7 Server<\/span><\/h4><p>Intel i7-9700K (8 x 3,6 GHz)<br \/>64GB DDR4<br \/>2x 2TB S-ATA, 2x 480GB SSD, oder 2x 480GB NVMe<\/p><div>\u00a0<\/div><div>Reverse-DNS Verwaltung per Interface<br \/>redundante Anbindung<br \/>redundante Router<br \/>USV Stromversorgung<\/div><div>keine Setup-Geb\u00fchr<br \/>1x .de-Domain inklusive<\/div><\/div>\t\t\t\t\t\t<\/div>\n\t\t\t\t<\/div>\n\t\t\t\t\t<\/div>\n\t\t<\/div>\n\t\t\t\t<div class=\"elementor-column elementor-col-33 elementor-top-column elementor-element elementor-element-e346807\" data-id=\"e346807\" data-element_type=\"column\">\n\t\t\t<div class=\"elementor-widget-wrap elementor-element-populated\">\n\t\t\t\t\t\t\t\t<div class=\"elementor-element elementor-element-fd8a441 elementor-widget elementor-widget-text-editor\" data-id=\"fd8a441\" data-element_type=\"widget\" data-widget_type=\"text-editor.default\">\n\t\t\t\t<div class=\"elementor-widget-container\">\n\t\t\t\t\t\t\t<div class=\"product-desc\" style=\"text-align: right;\"><h4 style=\"text-align: center;\"><span id=\"product193-name\">Intel i9 Server<\/span><\/h4><p style=\"text-align: center;\">Intel i9-9900K (8x 3,6 GHz)<br \/>64GB DDR4<br \/>2x 2TB S-ATA, 2x 960GB SSD oder 2x 960GB NVMe<\/p><div style=\"text-align: center;\">\u00a0<\/div><div style=\"text-align: center;\">Reverse-DNS Verwaltung per Interface<br \/>redundante Anbindung<br \/>redundante Router<br \/>USV Stromversorgung<\/div><div style=\"text-align: center;\">keine Setup-Geb\u00fchr<br \/>1x .de-Domain inklusive<\/div><\/div>\t\t\t\t\t\t<\/div>\n\t\t\t\t<\/div>\n\t\t\t\t\t<\/div>\n\t\t<\/div>\n\t\t\t\t\t\t\t<\/div>\n\t\t<\/section>\n\t\t\t\t<section class=\"elementor-section elementor-top-section elementor-element elementor-element-9698e06 elementor-section-boxed elementor-section-height-default elementor-section-height-default wpr-particle-no wpr-jarallax-no wpr-parallax-no wpr-sticky-section-no\" data-id=\"9698e06\" data-element_type=\"section\">\n\t\t\t\t\t\t<div class=\"elementor-container elementor-column-gap-default\">\n\t\t\t\t\t<div class=\"elementor-column elementor-col-33 elementor-top-column elementor-element elementor-element-784df40\" data-id=\"784df40\" data-element_type=\"column\">\n\t\t\t<div class=\"elementor-widget-wrap elementor-element-populated\">\n\t\t\t\t\t\t\t\t<div class=\"elementor-element elementor-element-10796f2 elementor-button-info elementor-align-center elementor-widget elementor-widget-button\" data-id=\"10796f2\" data-element_type=\"widget\" data-widget_type=\"button.default\">\n\t\t\t\t<div class=\"elementor-widget-container\">\n\t\t\t\t\t<div class=\"elementor-button-wrapper\">\n\t\t\t<a href=\"https:\/\/www.all-domains.de\/store\/intel-core-server\/intel-i5-server\" class=\"elementor-button-link elementor-button elementor-size-sm\" role=\"button\">\n\t\t\t\t\t\t<span class=\"elementor-button-content-wrapper\">\n\t\t\t\t\t\t<span class=\"elementor-button-text\">59,95 \u20ac \/ zur Bestellung<\/span>\n\t\t<\/span>\n\t\t\t\t\t<\/a>\n\t\t<\/div>\n\t\t\t\t<\/div>\n\t\t\t\t<\/div>\n\t\t\t\t\t<\/div>\n\t\t<\/div>\n\t\t\t\t<div class=\"elementor-column elementor-col-33 elementor-top-column elementor-element elementor-element-9b42605\" data-id=\"9b42605\" data-element_type=\"column\">\n\t\t\t<div class=\"elementor-widget-wrap elementor-element-populated\">\n\t\t\t\t\t\t\t\t<div class=\"elementor-element elementor-element-a608214 elementor-button-info elementor-align-center elementor-widget elementor-widget-button\" data-id=\"a608214\" data-element_type=\"widget\" data-widget_type=\"button.default\">\n\t\t\t\t<div class=\"elementor-widget-container\">\n\t\t\t\t\t<div class=\"elementor-button-wrapper\">\n\t\t\t<a href=\"https:\/\/www.all-domains.de\/store\/intel-core-server\/intel-i7-server\" class=\"elementor-button-link elementor-button elementor-size-sm\" role=\"button\">\n\t\t\t\t\t\t<span class=\"elementor-button-content-wrapper\">\n\t\t\t\t\t\t<span class=\"elementor-button-text\">89,95 \u20ac \/ zur Bestellung<\/span>\n\t\t<\/span>\n\t\t\t\t\t<\/a>\n\t\t<\/div>\n\t\t\t\t<\/div>\n\t\t\t\t<\/div>\n\t\t\t\t\t<\/div>\n\t\t<\/div>\n\t\t\t\t<div class=\"elementor-column elementor-col-33 elementor-top-column elementor-element elementor-element-45f41eb\" data-id=\"45f41eb\" data-element_type=\"column\">\n\t\t\t<div class=\"elementor-widget-wrap elementor-element-populated\">\n\t\t\t\t\t\t\t\t<div class=\"elementor-element elementor-element-18640d6 elementor-button-info elementor-align-center elementor-widget elementor-widget-button\" data-id=\"18640d6\" data-element_type=\"widget\" data-widget_type=\"button.default\">\n\t\t\t\t<div class=\"elementor-widget-container\">\n\t\t\t\t\t<div class=\"elementor-button-wrapper\">\n\t\t\t<a href=\"https:\/\/www.all-domains.de\/store\/intel-core-server\/intel-i9-server\" class=\"elementor-button-link elementor-button elementor-size-sm\" role=\"button\">\n\t\t\t\t\t\t<span class=\"elementor-button-content-wrapper\">\n\t\t\t\t\t\t<span class=\"elementor-button-text\">129,95 \u20ac \/ zur Bestellung<\/span>\n\t\t<\/span>\n\t\t\t\t\t<\/a>\n\t\t<\/div>\n\t\t\t\t<\/div>\n\t\t\t\t<\/div>\n\t\t\t\t\t<\/div>\n\t\t<\/div>\n\t\t\t\t\t\t\t<\/div>\n\t\t<\/section>\n\t\t\t\t\t\t\t<\/div>\n\t\t","protected":false},"excerpt":{"rendered":"<p>Intel Core Server Dedizierte Server werden f\u00fcr viele Anwendungen ben\u00f6tigt. Die Auslegung eines Root Servers l\u00e4sst es zu, dass der Administrator alleinig \u00fcber alle Ressourcen verf\u00fcgt. Daraus resultiert eine klare Linie f\u00fcr das\u00a0 Kalkulieren der ben\u00f6tigten Leistung. Prominente Beispiele f\u00fcr die Anwendung eines Root Servers sind Gameserver, Streaming- und Downloadportal, Webseiten mit hohen Datenbankabfragen oder [&hellip;]<\/p>\n","protected":false},"author":2,"featured_media":0,"parent":1308,"menu_order":0,"comment_status":"closed","ping_status":"closed","template":"elementor_header_footer","meta":{"footnotes":""},"_links":{"self":[{"href":"https:\/\/www.l-88.de\/index.php?rest_route=\/wp\/v2\/pages\/2492"}],"collection":[{"href":"https:\/\/www.l-88.de\/index.php?rest_route=\/wp\/v2\/pages"}],"about":[{"href":"https:\/\/www.l-88.de\/index.php?rest_route=\/wp\/v2\/types\/page"}],"author":[{"embeddable":true,"href":"https:\/\/www.l-88.de\/index.php?rest_route=\/wp\/v2\/users\/2"}],"replies":[{"embeddable":true,"href":"https:\/\/www.l-88.de\/index.php?rest_route=%2Fwp%2Fv2%2Fcomments&post=2492"}],"version-history":[{"count":16,"href":"https:\/\/www.l-88.de\/index.php?rest_route=\/wp\/v2\/pages\/2492\/revisions"}],"predecessor-version":[{"id":2574,"href":"https:\/\/www.l-88.de\/index.php?rest_route=\/wp\/v2\/pages\/2492\/revisions\/2574"}],"up":[{"embeddable":true,"href":"https:\/\/www.l-88.de\/index.php?rest_route=\/wp\/v2\/pages\/1308"}],"wp:attachment":[{"href":"https:\/\/www.l-88.de\/index.php?rest_route=%2Fwp%2Fv2%2Fmedia&parent=2492"}],"curies":[{"name":"wp","href":"https:\/\/api.w.org\/{rel}","templated":true}]}}