{"id":774,"date":"2022-02-10T09:11:28","date_gmt":"2022-02-10T09:11:28","guid":{"rendered":"https:\/\/www.l-88.de\/?page_id=774"},"modified":"2022-10-01T08:32:46","modified_gmt":"2022-10-01T08:32:46","slug":"webhosting-ssd","status":"publish","type":"page","link":"https:\/\/www.l-88.de\/?page_id=774","title":{"rendered":"Webhosting \/ Windows"},"content":{"rendered":"\t\t<div data-elementor-type=\"wp-page\" data-elementor-id=\"774\" class=\"elementor elementor-774\">\n\t\t\t\t\t\t\t\t\t<section class=\"elementor-section elementor-top-section elementor-element elementor-element-788bec3 elementor-section-boxed elementor-section-height-default elementor-section-height-default wpr-particle-no wpr-jarallax-no wpr-parallax-no wpr-sticky-section-no\" data-id=\"788bec3\" data-element_type=\"section\">\n\t\t\t\t\t\t<div class=\"elementor-container elementor-column-gap-default\">\n\t\t\t\t\t<div class=\"elementor-column elementor-col-100 elementor-top-column elementor-element elementor-element-f18da7a\" data-id=\"f18da7a\" data-element_type=\"column\">\n\t\t\t<div class=\"elementor-widget-wrap elementor-element-populated\">\n\t\t\t\t\t\t\t\t<div class=\"elementor-element elementor-element-b958c9a elementor-widget elementor-widget-text-editor\" data-id=\"b958c9a\" data-element_type=\"widget\" data-widget_type=\"text-editor.default\">\n\t\t\t\t<div class=\"elementor-widget-container\">\n\t\t\t<style>\/*! elementor - v3.7.8 - 02-10-2022 *\/\n.elementor-widget-text-editor.elementor-drop-cap-view-stacked .elementor-drop-cap{background-color:#818a91;color:#fff}.elementor-widget-text-editor.elementor-drop-cap-view-framed .elementor-drop-cap{color:#818a91;border:3px solid;background-color:transparent}.elementor-widget-text-editor:not(.elementor-drop-cap-view-default) .elementor-drop-cap{margin-top:8px}.elementor-widget-text-editor:not(.elementor-drop-cap-view-default) .elementor-drop-cap-letter{width:1em;height:1em}.elementor-widget-text-editor .elementor-drop-cap{float:left;text-align:center;line-height:1;font-size:50px}.elementor-widget-text-editor .elementor-drop-cap-letter{display:inline-block}<\/style>\t\t\t\t<h4 class=\"uk-heading-small uk-margin uk-margin-remove-top uk-text-center uk-scrollspy-inview uk-animation-slide-bottom-medium\" style=\"text-align: center;\">Webhosting \/ Windows Server 2019<\/h4><ul style=\"text-align: center;\"><li>Hosting direkt in Deutschland (DSGVO-konform)<\/li><\/ul><ul style=\"text-align: center;\"><li>Kostenlose Systeminstallation<\/li><\/ul><ul style=\"text-align: center;\"><li>Inklusive Servermanagement<\/li><\/ul><h4 id=\"znuny-hosting\" class=\"uk-h4 uk-margin uk-margin-remove-bottom uk-width-large uk-margin-auto uk-scrollspy-inview uk-animation-slide-bottom-medium\" style=\"text-align: center;\">inklusive Traffic-Flatrate<\/h4>\t\t\t\t\t\t<\/div>\n\t\t\t\t<\/div>\n\t\t\t\t\t<\/div>\n\t\t<\/div>\n\t\t\t\t\t\t\t<\/div>\n\t\t<\/section>\n\t\t\t\t<section class=\"elementor-section elementor-top-section elementor-element elementor-element-9279d7e elementor-section-boxed elementor-section-height-default elementor-section-height-default wpr-particle-no wpr-jarallax-no wpr-parallax-no wpr-sticky-section-no\" data-id=\"9279d7e\" data-element_type=\"section\">\n\t\t\t\t\t\t<div class=\"elementor-container elementor-column-gap-default\">\n\t\t\t\t\t<div class=\"elementor-column elementor-col-100 elementor-top-column elementor-element elementor-element-599d07a\" data-id=\"599d07a\" data-element_type=\"column\">\n\t\t\t<div class=\"elementor-widget-wrap elementor-element-populated\">\n\t\t\t\t\t\t\t\t<div class=\"elementor-element elementor-element-a49935d elementor-widget elementor-widget-text-editor\" data-id=\"a49935d\" data-element_type=\"widget\" data-widget_type=\"text-editor.default\">\n\t\t\t\t<div class=\"elementor-widget-container\">\n\t\t\t\t\t\t\t\t\t\t\t\t\t<\/div>\n\t\t\t\t<\/div>\n\t\t\t\t\t<\/div>\n\t\t<\/div>\n\t\t\t\t\t\t\t<\/div>\n\t\t<\/section>\n\t\t\t\t<section class=\"elementor-section elementor-top-section elementor-element elementor-element-820c30f elementor-section-boxed elementor-section-height-default elementor-section-height-default wpr-particle-no wpr-jarallax-no wpr-parallax-no wpr-sticky-section-no\" data-id=\"820c30f\" data-element_type=\"section\">\n\t\t\t\t\t\t<div class=\"elementor-container elementor-column-gap-default\">\n\t\t\t\t\t<div class=\"elementor-column elementor-col-20 elementor-top-column elementor-element elementor-element-92081a1\" data-id=\"92081a1\" data-element_type=\"column\">\n\t\t\t<div class=\"elementor-widget-wrap elementor-element-populated\">\n\t\t\t\t\t\t\t\t<div class=\"elementor-element elementor-element-d67348c elementor-widget elementor-widget-text-editor\" data-id=\"d67348c\" data-element_type=\"widget\" data-widget_type=\"text-editor.default\">\n\t\t\t\t<div class=\"elementor-widget-container\">\n\t\t\t\t\t\t\t<p>\u00a0<\/p><p><span style=\"color: #333333;\">Speicherplatz<\/span><\/p><p><span style=\"color: #333333;\">Datenbanken<br \/><\/span><\/p><p><span style=\"color: #333333;\">Domainverwaltung<\/span><\/p><p><span style=\"color: #333333;\">inkl. Domain<\/span><\/p><p><span style=\"color: #333333;\">Bandbreite<\/span><\/p><p><span style=\"color: #333333;\">Weboberfl\u00e4che<\/span><\/p><p><span style=\"color: #333333;\">Emailpostf\u00e4cher<\/span><\/p><p><span style=\"color: #333333;\">Postfachgr\u00f6\u00dfe<\/span><\/p>\t\t\t\t\t\t<\/div>\n\t\t\t\t<\/div>\n\t\t\t\t\t<\/div>\n\t\t<\/div>\n\t\t\t\t<div class=\"elementor-column elementor-col-20 elementor-top-column elementor-element elementor-element-95f0de2\" data-id=\"95f0de2\" data-element_type=\"column\">\n\t\t\t<div class=\"elementor-widget-wrap elementor-element-populated\">\n\t\t\t\t\t\t\t\t<div class=\"elementor-element elementor-element-1d27c67 elementor-widget elementor-widget-text-editor\" data-id=\"1d27c67\" data-element_type=\"widget\" data-settings=\"{&quot;_animation&quot;:&quot;none&quot;}\" data-widget_type=\"text-editor.default\">\n\t\t\t\t<div class=\"elementor-widget-container\">\n\t\t\t\t\t\t\t<p style=\"text-align: left;\">WHXS<\/p><p>10GB<\/p><p>2x MariaDB-Datenbank<\/p><p>bis zu 5 Dom\u00e4nen<\/p><p>1x .de-Domain inkl.<\/p><p>1000 MBit\/s<\/p><p>Plesk Obsidian<\/p><p>5x IMAP oder POP3<\/p><p>je Fach 2GB<\/p>\t\t\t\t\t\t<\/div>\n\t\t\t\t<\/div>\n\t\t\t\t\t<\/div>\n\t\t<\/div>\n\t\t\t\t<div class=\"elementor-column elementor-col-20 elementor-top-column elementor-element elementor-element-10742b7\" data-id=\"10742b7\" data-element_type=\"column\">\n\t\t\t<div class=\"elementor-widget-wrap elementor-element-populated\">\n\t\t\t\t\t\t\t\t<div class=\"elementor-element elementor-element-efd8106 elementor-widget elementor-widget-text-editor\" data-id=\"efd8106\" data-element_type=\"widget\" data-settings=\"{&quot;_animation&quot;:&quot;none&quot;}\" data-widget_type=\"text-editor.default\">\n\t\t\t\t<div class=\"elementor-widget-container\">\n\t\t\t\t\t\t\t<p>WHS<\/p><p>25GB<\/p><p>5x MariaDB-Datenbank<\/p><p>bis zu 25 Dom\u00e4nen<\/p><p>1x .de-Domain inkl.<\/p><p>1000 MBit\/s<\/p><p>Plesk Obsidian<\/p><p>10x IMAP oder POP3<\/p><p>je Fach 2GB<\/p>\t\t\t\t\t\t<\/div>\n\t\t\t\t<\/div>\n\t\t\t\t\t<\/div>\n\t\t<\/div>\n\t\t\t\t<div class=\"elementor-column elementor-col-20 elementor-top-column elementor-element elementor-element-a488054\" data-id=\"a488054\" data-element_type=\"column\">\n\t\t\t<div class=\"elementor-widget-wrap elementor-element-populated\">\n\t\t\t\t\t\t\t\t<div class=\"elementor-element elementor-element-5617b4a elementor-widget elementor-widget-text-editor\" data-id=\"5617b4a\" data-element_type=\"widget\" data-settings=\"{&quot;_animation&quot;:&quot;none&quot;}\" data-widget_type=\"text-editor.default\">\n\t\t\t\t<div class=\"elementor-widget-container\">\n\t\t\t\t\t\t\t<p>WHM<\/p><p>50GB<\/p><p>10x MariaDB-Datenbank<\/p><p>bis zu 50 Dom\u00e4nen<\/p><p>1x .de-Domain inkl.<\/p><p>1000 MBit\/s<\/p><p>Plesk Obsidian<\/p><p>25x IMAP oder POP3<\/p><p>je Fach 2GB<\/p>\t\t\t\t\t\t<\/div>\n\t\t\t\t<\/div>\n\t\t\t\t\t<\/div>\n\t\t<\/div>\n\t\t\t\t<div class=\"elementor-column elementor-col-20 elementor-top-column elementor-element elementor-element-d50fdf1\" data-id=\"d50fdf1\" data-element_type=\"column\">\n\t\t\t<div class=\"elementor-widget-wrap elementor-element-populated\">\n\t\t\t\t\t\t\t\t<div class=\"elementor-element elementor-element-896cccd elementor-widget elementor-widget-text-editor\" data-id=\"896cccd\" data-element_type=\"widget\" data-widget_type=\"text-editor.default\">\n\t\t\t\t<div class=\"elementor-widget-container\">\n\t\t\t\t\t\t\t<p>WHL<\/p><p>100GB<\/p><p>15x MariaDB-Datenbank<\/p><p>bis zu 50 Dom\u00e4nen<\/p><p>1x .de-Domain inkl.<\/p><p>1000 MBit\/s<\/p><p>Plesk Obsidian<\/p><p>50x IMAP oder POP3<\/p><p>je Fach 2GB<\/p>\t\t\t\t\t\t<\/div>\n\t\t\t\t<\/div>\n\t\t\t\t\t<\/div>\n\t\t<\/div>\n\t\t\t\t\t\t\t<\/div>\n\t\t<\/section>\n\t\t\t\t<section class=\"elementor-section elementor-top-section elementor-element elementor-element-94357e9 elementor-section-boxed elementor-section-height-default elementor-section-height-default wpr-particle-no wpr-jarallax-no wpr-parallax-no wpr-sticky-section-no\" data-id=\"94357e9\" data-element_type=\"section\">\n\t\t\t\t\t\t<div class=\"elementor-container elementor-column-gap-default\">\n\t\t\t\t\t<div class=\"elementor-column elementor-col-20 elementor-top-column elementor-element elementor-element-e60558c\" data-id=\"e60558c\" data-element_type=\"column\">\n\t\t\t<div class=\"elementor-widget-wrap\">\n\t\t\t\t\t\t\t\t\t<\/div>\n\t\t<\/div>\n\t\t\t\t<div class=\"elementor-column elementor-col-20 elementor-top-column elementor-element elementor-element-9767b7f\" data-id=\"9767b7f\" data-element_type=\"column\">\n\t\t\t<div class=\"elementor-widget-wrap elementor-element-populated\">\n\t\t\t\t\t\t\t\t<div class=\"elementor-element elementor-element-af5629a elementor-button-info elementor-widget elementor-widget-button\" data-id=\"af5629a\" data-element_type=\"widget\" data-widget_type=\"button.default\">\n\t\t\t\t<div class=\"elementor-widget-container\">\n\t\t\t\t\t<div class=\"elementor-button-wrapper\">\n\t\t\t<a href=\"https:\/\/www.all-domains.de\/store\/webhosting-win\/w10w\" target=\"_blank\" class=\"elementor-button-link elementor-button elementor-size-sm\" role=\"button\">\n\t\t\t\t\t\t<span class=\"elementor-button-content-wrapper\">\n\t\t\t\t\t\t<span class=\"elementor-button-text\">2,00 \u20ac monatlich \/ zur Bestellung<\/span>\n\t\t<\/span>\n\t\t\t\t\t<\/a>\n\t\t<\/div>\n\t\t\t\t<\/div>\n\t\t\t\t<\/div>\n\t\t\t\t\t<\/div>\n\t\t<\/div>\n\t\t\t\t<div class=\"elementor-column elementor-col-20 elementor-top-column elementor-element elementor-element-9807d42\" data-id=\"9807d42\" data-element_type=\"column\">\n\t\t\t<div class=\"elementor-widget-wrap elementor-element-populated\">\n\t\t\t\t\t\t\t\t<div class=\"elementor-element elementor-element-f397fb9 elementor-button-info elementor-widget elementor-widget-button\" data-id=\"f397fb9\" data-element_type=\"widget\" data-widget_type=\"button.default\">\n\t\t\t\t<div class=\"elementor-widget-container\">\n\t\t\t\t\t<div class=\"elementor-button-wrapper\">\n\t\t\t<a href=\"https:\/\/www.all-domains.de\/store\/webhosting-win\/w25w\" target=\"_blank\" class=\"elementor-button-link elementor-button elementor-size-sm\" role=\"button\">\n\t\t\t\t\t\t<span class=\"elementor-button-content-wrapper\">\n\t\t\t\t\t\t<span class=\"elementor-button-text\">4,00 \u20ac monatlich \/ zur Bestellung<\/span>\n\t\t<\/span>\n\t\t\t\t\t<\/a>\n\t\t<\/div>\n\t\t\t\t<\/div>\n\t\t\t\t<\/div>\n\t\t\t\t\t<\/div>\n\t\t<\/div>\n\t\t\t\t<div class=\"elementor-column elementor-col-20 elementor-top-column elementor-element elementor-element-034b6e0\" data-id=\"034b6e0\" data-element_type=\"column\">\n\t\t\t<div class=\"elementor-widget-wrap elementor-element-populated\">\n\t\t\t\t\t\t\t\t<div class=\"elementor-element elementor-element-a589ada elementor-button-info elementor-widget elementor-widget-button\" data-id=\"a589ada\" data-element_type=\"widget\" data-widget_type=\"button.default\">\n\t\t\t\t<div class=\"elementor-widget-container\">\n\t\t\t\t\t<div class=\"elementor-button-wrapper\">\n\t\t\t<a href=\"https:\/\/www.all-domains.de\/store\/webhosting-win\/w50m\" target=\"_blank\" class=\"elementor-button-link elementor-button elementor-size-sm\" role=\"button\">\n\t\t\t\t\t\t<span class=\"elementor-button-content-wrapper\">\n\t\t\t\t\t\t<span class=\"elementor-button-text\">6,00 \u20ac monatlich \/ zur Bestellung<\/span>\n\t\t<\/span>\n\t\t\t\t\t<\/a>\n\t\t<\/div>\n\t\t\t\t<\/div>\n\t\t\t\t<\/div>\n\t\t\t\t\t<\/div>\n\t\t<\/div>\n\t\t\t\t<div class=\"elementor-column elementor-col-20 elementor-top-column elementor-element elementor-element-4f1492a\" data-id=\"4f1492a\" data-element_type=\"column\">\n\t\t\t<div class=\"elementor-widget-wrap elementor-element-populated\">\n\t\t\t\t\t\t\t\t<div class=\"elementor-element elementor-element-5554f77 elementor-button-info elementor-widget elementor-widget-button\" data-id=\"5554f77\" data-element_type=\"widget\" data-widget_type=\"button.default\">\n\t\t\t\t<div class=\"elementor-widget-container\">\n\t\t\t\t\t<div class=\"elementor-button-wrapper\">\n\t\t\t<a href=\"https:\/\/www.all-domains.de\/store\/webhosting-win\/w100w\" target=\"_blank\" class=\"elementor-button-link elementor-button elementor-size-sm\" role=\"button\">\n\t\t\t\t\t\t<span class=\"elementor-button-content-wrapper\">\n\t\t\t\t\t\t<span class=\"elementor-button-text\">8,00 \u20ac monatlich \/ zur Bestellung<\/span>\n\t\t<\/span>\n\t\t\t\t\t<\/a>\n\t\t<\/div>\n\t\t\t\t<\/div>\n\t\t\t\t<\/div>\n\t\t\t\t\t<\/div>\n\t\t<\/div>\n\t\t\t\t\t\t\t<\/div>\n\t\t<\/section>\n\t\t\t\t\t\t\t<\/div>\n\t\t","protected":false},"excerpt":{"rendered":"<p>Webhosting \/ Windows Server 2019 Hosting direkt in Deutschland (DSGVO-konform) Kostenlose Systeminstallation Inklusive Servermanagement inklusive Traffic-Flatrate Speicherplatz Datenbanken Domainverwaltung inkl. Domain Bandbreite Weboberfl\u00e4che Emailpostf\u00e4cher Postfachgr\u00f6\u00dfe WHXS 10GB 2x MariaDB-Datenbank bis zu 5 Dom\u00e4nen 1x .de-Domain inkl. 1000 MBit\/s Plesk Obsidian 5x IMAP oder POP3 je Fach 2GB WHS 25GB 5x MariaDB-Datenbank bis zu 25 Dom\u00e4nen [&hellip;]<\/p>\n","protected":false},"author":2,"featured_media":0,"parent":772,"menu_order":0,"comment_status":"closed","ping_status":"closed","template":"elementor_header_footer","meta":{"footnotes":""},"_links":{"self":[{"href":"https:\/\/www.l-88.de\/index.php?rest_route=\/wp\/v2\/pages\/774"}],"collection":[{"href":"https:\/\/www.l-88.de\/index.php?rest_route=\/wp\/v2\/pages"}],"about":[{"href":"https:\/\/www.l-88.de\/index.php?rest_route=\/wp\/v2\/types\/page"}],"author":[{"embeddable":true,"href":"https:\/\/www.l-88.de\/index.php?rest_route=\/wp\/v2\/users\/2"}],"replies":[{"embeddable":true,"href":"https:\/\/www.l-88.de\/index.php?rest_route=%2Fwp%2Fv2%2Fcomments&post=774"}],"version-history":[{"count":59,"href":"https:\/\/www.l-88.de\/index.php?rest_route=\/wp\/v2\/pages\/774\/revisions"}],"predecessor-version":[{"id":2658,"href":"https:\/\/www.l-88.de\/index.php?rest_route=\/wp\/v2\/pages\/774\/revisions\/2658"}],"up":[{"embeddable":true,"href":"https:\/\/www.l-88.de\/index.php?rest_route=\/wp\/v2\/pages\/772"}],"wp:attachment":[{"href":"https:\/\/www.l-88.de\/index.php?rest_route=%2Fwp%2Fv2%2Fmedia&parent=774"}],"curies":[{"name":"wp","href":"https:\/\/api.w.org\/{rel}","templated":true}]}}