{"id":793,"date":"2022-02-10T09:26:31","date_gmt":"2022-02-10T09:26:31","guid":{"rendered":"https:\/\/www.l-88.de\/?page_id=793"},"modified":"2022-02-10T09:26:31","modified_gmt":"2022-02-10T09:26:31","slug":"wir-ueber-uns","status":"publish","type":"page","link":"https:\/\/www.l-88.de\/?page_id=793","title":{"rendered":"Wir \u00fcber uns"},"content":{"rendered":"<div id=\"content\">\n<p>Obwohl sich R-NIC durch unschlagbar g\u00fcnstige Preise auszeichnet, k\u00f6nnen Sie dennoch eine hohe Performance und Verf\u00fcgbarkeit erwarten. Wir hosten in einem der modernsten Rechenzentren Europas.<\/p>\n<p>Redundant angebunden verf\u00fcgen wir \u00fcber einen hohen Standart, der Ihnen eine 99% Verf\u00fcgbarkeit zusagt.<\/p>\n<p>Das Rechenzentrum wurde vom Brandschutzexperten Lampertz- konzipiert und ist eine Art Hochsicherheitszelle innerhalb einer Ganzstahlkonstruktion. Die Zellen sind in Selbsttragender, feuersicherer modularer Raumzellenbauweise ausgef\u00fchrt. Die Ganzstahlkonstruktion bietet Schutz vor korrosiven Brandgasen, Staub, L\u00f6schwasser und hochkonzentrierte Feuchte. Zum technischen Standard geh\u00f6ren ausserdem eine unterbrechungsfreie Stromversorgung [USV] sowie eine doppelte Ausf\u00fchrung aller Versorgungswege.<\/p>\n<p>Angebunden an den wichtigsten Knotenpunkten der Welt erreichen unsere Server ideale Pingzeiten.<\/p>\n<p>Jeder Server verf\u00fcgt zun\u00e4chst einmal \u00fcber seinen eigenen 1000 MBit\/s Switchport, mit dem er direkt an das deutsche Gigabit Backbone eines der gr\u00f6\u00dften Provider weltweit angebunden ist. Dadurch gew\u00e4hrleisten wir eine gleich bleibend hohe Performance und auch die garantierte Leitungs-Verf\u00fcgbarkeit von 99 Prozent!<\/p>\n<p>Das Backbone ist in einer so genannten Ring-Topologie ausgelegt. Es verf\u00fcgt \u00fcber eine intelligente Technologie f\u00fcr das Routing, so dass Ihre Datenpakete stets auf der jeweils schnellsten Transferstrecke zu Ihrem Server geleitet werden.<\/p>\n<p>Im Rechenzentrum sind alle betriebswichtigen Anlagen und auch alle Versorgungswege mindestens zweifach vorhanden. So verbinden uns zwei unabh\u00e4ngige Stromzuleitungen mit den Stadtwerken und selbst bei einem unwahrscheinlich erscheinenden gleichzeitigen Ausfall beider Stromtrassen beugt ein redundantes Backup-System vor, bei dem sowohl unterbrechungsfreie Strom-Versorgungen wie auch ein f\u00fcr den Dauerbetrieb ausgelegtes Dieselaggregat bereit stehen.<\/p>\n<p>All diese Sicherheitsvorkehrungen sorgen daf\u00fcr, dass sogar bei einem zeitweisen Ausfall auch \u00fcber der H\u00e4lfte unserer Infrastruktur Ihr Server dennoch ohne Probleme erreichbar bleibt! Selbst wenn einmal alle Stricke rei\u00dfen sollten, also das hypothetische Szenario eines kompletten Ausfalls unseres Backbones eintreten sollte, so sind Sie immer auf der sicheren Seite, denn selbstverst\u00e4ndlich ist unser Rechenzentrum auch mit einer zus\u00e4tzlichen Backup-Anbindung an das Internet ausgestattet worden. Die Erreichbarkeit Ihres Servers ist damit also immer gegeben.<\/p>\n<p>Hier die wichtigsten Features im \u00dcberblick:<\/p>\n<p>\u2013 100 MBit\/s Switch-Port f\u00fcr jeden Server<br \/>\n\u2013 Vollautomatische Raumklimatisierung und Luftbefeuchtung<br \/>\n\u2013 St\u00e4ndige Kontrolle der Raumluft \u00fcber hochsensible Sensoren<br \/>\n\u2013 Redundante Stromzuf\u00fchrung \u00fcber eigene Trafo-Station der Stadtwerke N\u00fcrnberg<br \/>\n\u2013 USV und Spannungsfilter f\u00fcr unterbrechungs- und schwankungsfreie Stromzufuhr<br \/>\n\u2013 Dieselgenerator inkl. 30.000 Liter Tank f\u00fcr den Fall der F\u00e4lle<br \/>\n\u2013 Modernster Brandschutz \u00fcber multiple Meldekreise und Schn\u00fcffler zur Fr\u00fcherkennung<br \/>\n\u2013 Zugangskontrolle zum Rechenzentrum<br \/>\n\u2013 24 Stunden Video\u00fcberwachung \u00fcber Sicherheitskr\u00e4fte und Securitas<br \/>\n\u2013 Absicherung des Rechenzentrumsgel\u00e4nde mit Nato-Stacheldraht<\/p>\n<\/div>\n","protected":false},"excerpt":{"rendered":"<p>Obwohl sich R-NIC durch unschlagbar g\u00fcnstige Preise auszeichnet, k\u00f6nnen Sie dennoch eine hohe Performance und Verf\u00fcgbarkeit erwarten. Wir hosten in einem der modernsten Rechenzentren Europas. Redundant angebunden verf\u00fcgen wir \u00fcber einen hohen Standart, der Ihnen eine 99% Verf\u00fcgbarkeit zusagt. Das Rechenzentrum wurde vom Brandschutzexperten Lampertz- konzipiert und ist eine Art Hochsicherheitszelle innerhalb einer Ganzstahlkonstruktion. Die [&hellip;]<\/p>\n","protected":false},"author":2,"featured_media":0,"parent":0,"menu_order":0,"comment_status":"closed","ping_status":"closed","template":"page-templates\/page_fullwidth.php","meta":{"footnotes":""},"_links":{"self":[{"href":"https:\/\/www.l-88.de\/index.php?rest_route=\/wp\/v2\/pages\/793"}],"collection":[{"href":"https:\/\/www.l-88.de\/index.php?rest_route=\/wp\/v2\/pages"}],"about":[{"href":"https:\/\/www.l-88.de\/index.php?rest_route=\/wp\/v2\/types\/page"}],"author":[{"embeddable":true,"href":"https:\/\/www.l-88.de\/index.php?rest_route=\/wp\/v2\/users\/2"}],"replies":[{"embeddable":true,"href":"https:\/\/www.l-88.de\/index.php?rest_route=%2Fwp%2Fv2%2Fcomments&post=793"}],"version-history":[{"count":1,"href":"https:\/\/www.l-88.de\/index.php?rest_route=\/wp\/v2\/pages\/793\/revisions"}],"predecessor-version":[{"id":794,"href":"https:\/\/www.l-88.de\/index.php?rest_route=\/wp\/v2\/pages\/793\/revisions\/794"}],"wp:attachment":[{"href":"https:\/\/www.l-88.de\/index.php?rest_route=%2Fwp%2Fv2%2Fmedia&parent=793"}],"curies":[{"name":"wp","href":"https:\/\/api.w.org\/{rel}","templated":true}]}}